{"id":111,"date":"2019-12-11T17:43:30","date_gmt":"2019-12-11T17:43:30","guid":{"rendered":"http:\/\/cdsonter.webtechcornwall.com\/?page_id=111"},"modified":"2024-02-15T14:56:13","modified_gmt":"2024-02-15T19:56:13","slug":"solutions","status":"publish","type":"page","link":"https:\/\/www.cdsonter.com\/fr\/solutions\/","title":{"rendered":"Solutions"},"content":{"rendered":"<p>[et_pb_section fb_built=&#8221;1&#8243; specialty=&#8221;on&#8221; _builder_version=&#8221;4.16&#8243; background_image=&#8221;https:\/\/www.cdsonter.com\/wp-content\/uploads\/2019\/12\/buildings-background-scaled.jpg&#8221; background_position=&#8221;top_center&#8221; width=&#8221;99.8%&#8221; custom_padding=&#8221;||170px||false|false&#8221; bottom_divider_style=&#8221;asymmetric4&#8243; bottom_divider_color=&#8221;#e9e9e9&#8243; locked=&#8221;off&#8221; global_colors_info=&#8221;{}&#8221;][et_pb_column type=&#8221;3_4&#8243; specialty_columns=&#8221;3&#8243; _builder_version=&#8221;4.16&#8243; custom_padding=&#8221;|||&#8221; global_colors_info=&#8221;{}&#8221; custom_padding__hover=&#8221;|||&#8221;][et_pb_row_inner _builder_version=&#8221;4.16&#8243; global_colors_info=&#8221;{}&#8221;][et_pb_column_inner saved_specialty_column_type=&#8221;3_4&#8243; _builder_version=&#8221;4.0.9&#8243; global_colors_info=&#8221;{}&#8221;][et_pb_text _builder_version=&#8221;4.24.0&#8243; _dynamic_attributes=&#8221;link_option_url&#8221; link_option_url=&#8221;@ET-DC@eyJkeW5hbWljIjp0cnVlLCJjb250ZW50IjoicG9zdF9saW5rX3VybF9wYWdlIiwic2V0dGluZ3MiOnsicG9zdF9pZCI6IjExMyJ9fQ==@&#8221; hover_enabled=&#8221;0&#8243; custom_css_main_element=&#8221;padding-left: 30px;&#8221; border_width_left=&#8221;2px&#8221; border_color_left=&#8221;#cd3335&#8243; global_colors_info=&#8221;{}&#8221; sticky_enabled=&#8221;0&#8243;]<\/p>\n<h3 class=\"entry-title\">Engagement et \u00c9v\u00e9nements pour les Occupants<\/h3>\n<p> Chez CD SONTER, nous encourageons la participation des occupants gr\u00e2ce \u00e0 des \u00e9v\u00e9nements de d\u00e9veloppement durable significatifs et stimulants, laissant ainsi une empreinte durable.<\/p>\n<p>[\/et_pb_text][et_pb_text _builder_version=&#8221;4.24.0&#8243; _dynamic_attributes=&#8221;link_option_url&#8221; link_option_url=&#8221;@ET-DC@eyJkeW5hbWljIjp0cnVlLCJjb250ZW50IjoicG9zdF9saW5rX3VybF9wYWdlIiwic2V0dGluZ3MiOnsicG9zdF9pZCI6IjEyMSJ9fQ==@&#8221; hover_enabled=&#8221;0&#8243; custom_css_main_element=&#8221;padding-left: 30px;&#8221; border_width_left=&#8221;2px&#8221; border_color_left=&#8221;#cd3335&#8243; global_colors_info=&#8221;{}&#8221; sticky_enabled=&#8221;0&#8243;]<\/p>\n<h3 class=\"entry-title\">Formation et \u00c9ducation<\/h3>\n<p> Notre \u00e9quipe professionnelle d'\u00e9ducateurs peut am\u00e9liorer l'engagement et la sensibilisation au d\u00e9veloppement durable \u00e0 travers nos programmes de formation dynamiques, adapt\u00e9s \u00e0 vos besoins sp\u00e9cifiques.<\/p>\n<p>[\/et_pb_text][et_pb_text _builder_version=&#8221;4.24.0&#8243; _dynamic_attributes=&#8221;link_option_url&#8221; link_option_url=&#8221;@ET-DC@eyJkeW5hbWljIjp0cnVlLCJjb250ZW50IjoicG9zdF9saW5rX3VybF9wYWdlIiwic2V0dGluZ3MiOnsicG9zdF9pZCI6IjExNSJ9fQ==@&#8221; hover_enabled=&#8221;0&#8243; custom_css_main_element=&#8221;padding-left: 30px;&#8221; border_width_left=&#8221;2px&#8221; border_color_left=&#8221;#cd3335&#8243; global_colors_info=&#8221;{}&#8221; sticky_enabled=&#8221;0&#8243;]<\/p>\n<h3 class=\"entry-title\">Audits de Gestion des D\u00e9chets<\/h3>\n<p> Un audit de gestion des d\u00e9chets mesure la quantit\u00e9 et la composition des d\u00e9chets g\u00e9n\u00e9r\u00e9s par un b\u00e2timent. Il quantifie la performance actuelle et identifie les moyens d'am\u00e9liorer votre taux de d\u00e9tournement, de r\u00e9duire les d\u00e9chets et de r\u00e9pondre aux exigences organisationnelles et r\u00e9glementaires.<\/p>\n<p>[\/et_pb_text][et_pb_text _builder_version=&#8221;4.16&#8243; _dynamic_attributes=&#8221;link_option_url&#8221; link_option_url=&#8221;@ET-DC@eyJkeW5hbWljIjp0cnVlLCJjb250ZW50IjoicG9zdF9saW5rX3VybF9wYWdlIiwic2V0dGluZ3MiOnsicG9zdF9pZCI6IjExNyJ9fQ==@&#8221; custom_css_main_element=&#8221;padding-left: 30px;&#8221; border_width_left=&#8221;2px&#8221; border_color_left=&#8221;#cd3335&#8243; global_colors_info=&#8221;{}&#8221;]<\/p>\n<h3 class=\"entry-title\">Optimisation des Programmes de D\u00e9chets<\/h3>\n<p>Nos solutions pratiques s'attaquent aux inefficacit\u00e9s, aux probl\u00e8mes potentiels et aux co\u00fbts excessifs au sein des syst\u00e8mes actuels de gestion des d\u00e9chets. Nous g\u00e9rons l'ensemble du processus, de la mise en \u0153uvre \u00e0 l'installation et \u00e0 la formation des employ\u00e9s.<\/p>\n<p>[\/et_pb_text][et_pb_text _builder_version=&#8221;4.16&#8243; _dynamic_attributes=&#8221;link_option_url&#8221; link_option_url=&#8221;@ET-DC@eyJkeW5hbWljIjp0cnVlLCJjb250ZW50IjoicG9zdF9saW5rX3VybF9wYWdlIiwic2V0dGluZ3MiOnsicG9zdF9pZCI6IjEyMyJ9fQ==@&#8221; custom_css_main_element=&#8221;padding-left: 30px;&#8221; border_width_left=&#8221;2px&#8221; border_color_left=&#8221;#cd3335&#8243; global_colors_info=&#8221;{}&#8221;]<\/p>\n<h3 class=\"entry-title\">Facilitation de l'appel d'offres Pour les Services de Gestion des D\u00e9chets et du Recyclage<\/h3>\n<p>En tant que partenaire de votre appel d'offres pour la gestion des d\u00e9chets, l'\u00e9quipe professionnelle de CD SONTER facilitera et g\u00e9rera l'ensemble du processus, du d\u00e9but jusqu'\u00e0 la date de d\u00e9but du nouveau contrat, en veillant \u00e0 obtenir la meilleure valeur concurrentielle pour votre propri\u00e9t\u00e9 sans compromettre le service.<\/p>\n<p>[\/et_pb_text][et_pb_text _builder_version=&#8221;4.16&#8243; _dynamic_attributes=&#8221;link_option_url&#8221; link_option_url=&#8221;@ET-DC@eyJkeW5hbWljIjp0cnVlLCJjb250ZW50IjoicG9zdF9saW5rX3VybF9wYWdlIiwic2V0dGluZ3MiOnsicG9zdF9pZCI6IjE1MjUifX0=@&#8221; custom_css_main_element=&#8221;padding-left: 30px;&#8221; border_width_left=&#8221;2px&#8221; border_color_left=&#8221;#cd3335&#8243; global_colors_info=&#8221;{}&#8221;]<\/p>\n<h3 class=\"entry-title\">Portfolio Energy Star\u00ae : Saisie et Analyse de Donn\u00e9es<\/h3>\n<p>CD SONTER offre des services de saisie et d'analyse de donn\u00e9es pour les propri\u00e9t\u00e9s int\u00e9ress\u00e9es par le suivi de leurs donn\u00e9es sur les services publics et les d\u00e9chets via le portfolio ENERGY STAR\u00ae.<\/p>\n<p>[\/et_pb_text][et_pb_text _builder_version=&#8221;4.16&#8243; _dynamic_attributes=&#8221;link_option_url&#8221; link_option_url=&#8221;@ET-DC@eyJkeW5hbWljIjp0cnVlLCJjb250ZW50IjoicG9zdF9saW5rX3VybF9wYWdlIiwic2V0dGluZ3MiOnsicG9zdF9pZCI6IjExOSJ9fQ==@&#8221; custom_css_main_element=&#8221;padding-left: 30px;&#8221; border_width_left=&#8221;2px&#8221; border_color_left=&#8221;#cd3335&#8243; global_colors_info=&#8221;{}&#8221;]<\/p>\n<h3 class=\"entry-title\">Certifications et Distinctions<\/h3>\n<p>Notre \u00e9quipe de sp\u00e9cialistes des certifications obtient des r\u00e9sultats sup\u00e9rieurs en fournissant des recommandations strat\u00e9giques pour guider les gestionnaires de propri\u00e9t\u00e9s dans l'atteinte de leur certification ou distinction souhait\u00e9e.<\/p>\n<p>[\/et_pb_text][et_pb_text _builder_version=&#8221;4.16&#8243; _dynamic_attributes=&#8221;link_option_url&#8221; link_option_url=&#8221;@ET-DC@eyJkeW5hbWljIjp0cnVlLCJjb250ZW50IjoicG9zdF9saW5rX3VybF9wYWdlIiwic2V0dGluZ3MiOnsicG9zdF9pZCI6IjEyNSJ9fQ==@&#8221; custom_css_main_element=&#8221;padding-left: 30px;&#8221; border_width_left=&#8221;2px&#8221; border_color_left=&#8221;#cd3335&#8243; global_colors_info=&#8221;{}&#8221;]<\/p>\n<h3 class=\"entry-title\">Audits de l'\u00e9nergie, de l'eau et de la Qualit\u00e9 de l'air Int\u00e9rieur<\/h3>\n<p>En tant que partenaire de durabilit\u00e9, CD SONTER offre plusieurs services d'audit pour s'assurer que votre propri\u00e9t\u00e9 est conforme aux meilleures pratiques du secteur et atteint vos propres objectifs de d\u00e9veloppement durable.<\/p>\n<p>[\/et_pb_text][\/et_pb_column_inner][\/et_pb_row_inner][\/et_pb_column][et_pb_column type=&#8221;1_4&#8243; _builder_version=&#8221;4.16&#8243; custom_padding=&#8221;|||&#8221; global_colors_info=&#8221;{}&#8221; custom_padding__hover=&#8221;|||&#8221;][et_pb_sidebar area=&#8221;et_pb_widget_area_1&#8243; module_class=&#8221;sidebar-nav&#8221; _builder_version=&#8221;4.4.9&#8243; header_font=&#8221;|800||on|||||&#8221; header_text_color=&#8221;#98c3c9&#8243; header_font_size=&#8221;26px&#8221; body_font=&#8221;Poppins|||on|||||&#8221; body_text_color=&#8221;#1F4C6C&#8221; custom_margin=&#8221;||0px||false|false&#8221; custom_padding=&#8221;|0px||0px|false|true&#8221; border_color_all=&#8221;rgba(0,0,0,0)&#8221; global_module=&#8221;753&#8243; saved_tabs=&#8221;all&#8221; global_colors_info=&#8221;{}&#8221;][\/et_pb_sidebar][et_pb_cta title=&#8221;Have a question or need a quote?&#8221; button_url=&#8221;@ET-DC@eyJkeW5hbWljIjp0cnVlLCJjb250ZW50IjoicG9zdF9saW5rX3VybF9wYWdlIiwic2V0dGluZ3MiOnsicG9zdF9pZCI6IjIyNiJ9fQ==@&#8221; button_text=&#8221;Talk to Us&#8221; disabled_on=&#8221;off|off|off&#8221; module_class=&#8221;sidebar-cta&#8221; _builder_version=&#8221;4.9.7&#8243; _dynamic_attributes=&#8221;button_url&#8221; header_level=&#8221;h3&#8243; header_font=&#8221;|800||on|||||&#8221; header_text_color=&#8221;#98C3C9&#8243; header_font_size=&#8221;18px&#8221; header_line_height=&#8221;1.2em&#8221; body_font=&#8221;|600|||||||&#8221; body_text_color=&#8221;#767676&#8243; background_color=&#8221;rgba(233,233,233,0.8)&#8221; custom_button=&#8221;on&#8221; button_text_color=&#8221;#FFFFFF&#8221; button_bg_color=&#8221;#98C3C9&#8243; button_alignment=&#8221;center&#8221; custom_padding=&#8221;30px|20px|30px|20px|true|true&#8221; custom_css_promo_description=&#8221;padding-bottom: 5px;&#8221; custom_css_promo_button=&#8221;font-weight: 500;||line-height: 1.7em;&#8221; border_width_top=&#8221;2px&#8221; border_color_top=&#8221;#cd3335&#8243; global_module=&#8221;337&#8243; saved_tabs=&#8221;all&#8221; global_colors_info=&#8221;{}&#8221;][\/et_pb_cta][\/et_pb_column][\/et_pb_section]<\/p>","protected":false},"excerpt":{"rendered":"<p>Occupant Engagement At CD SONTER, we engage occupants through meaningful, thought-provoking sustainability events that leave a lasting impact.Education &amp; Training Our professional team of educators can improve sustainability engagement, awareness through our dynamic training programs tailored to your specific needs.Waste Audits A waste audit measures the amount and composition of waste generated by a building. [&hellip;]<\/p>","protected":false},"author":1,"featured_media":1144,"parent":0,"menu_order":2,"comment_status":"closed","ping_status":"closed","template":"","meta":{"_et_pb_use_builder":"on","_et_pb_old_content":"<!-- wp:divi\/placeholder \/-->","_et_gb_content_width":"","footnotes":""},"class_list":["post-111","page","type-page","status-publish","has-post-thumbnail","hentry"],"yoast_head":"<!-- This site is optimized with the Yoast SEO plugin v27.1.1 - https:\/\/yoast.com\/product\/yoast-seo-wordpress\/ -->\n<title>Solutions - CD Sonter Ltd.<\/title>\n<meta name=\"robots\" content=\"index, follow, max-snippet:-1, max-image-preview:large, max-video-preview:-1\" \/>\n<link rel=\"canonical\" href=\"https:\/\/www.cdsonter.com\/fr\/solutions\/\" \/>\n<meta property=\"og:locale\" content=\"fr_CA\" \/>\n<meta property=\"og:type\" content=\"article\" \/>\n<meta property=\"og:title\" content=\"Solutions - CD Sonter Ltd.\" \/>\n<meta property=\"og:description\" content=\"Occupant Engagement At CD SONTER, we engage occupants through meaningful, thought-provoking sustainability events that leave a lasting impact.Education &amp; Training Our professional team of educators can improve sustainability engagement, awareness through our dynamic training programs tailored to your specific needs.Waste Audits A waste audit measures the amount and composition of waste generated by a building. [&hellip;]\" \/>\n<meta property=\"og:url\" content=\"https:\/\/www.cdsonter.com\/fr\/solutions\/\" \/>\n<meta property=\"og:site_name\" content=\"CD Sonter Ltd.\" \/>\n<meta property=\"article:modified_time\" content=\"2024-02-15T19:56:13+00:00\" \/>\n<meta property=\"og:image\" content=\"https:\/\/www.cdsonter.com\/wp-content\/uploads\/2019\/12\/5330.jpg\" \/>\n\t<meta property=\"og:image:width\" content=\"1600\" \/>\n\t<meta property=\"og:image:height\" content=\"1067\" \/>\n\t<meta property=\"og:image:type\" content=\"image\/jpeg\" \/>\n<meta name=\"twitter:card\" content=\"summary_large_image\" \/>\n<meta name=\"twitter:site\" content=\"@CDSONTER\" \/>\n<meta name=\"twitter:label1\" content=\"Estimation du temps de lecture\" \/>\n\t<meta name=\"twitter:data1\" content=\"5 minutes\" \/>\n<script type=\"application\/ld+json\" class=\"yoast-schema-graph\">{\"@context\":\"https:\/\/schema.org\",\"@graph\":[{\"@type\":\"WebPage\",\"@id\":\"https:\/\/www.cdsonter.com\/fr\/solutions\/\",\"url\":\"https:\/\/www.cdsonter.com\/fr\/solutions\/\",\"name\":\"Solutions - CD Sonter Ltd.\",\"isPartOf\":{\"@id\":\"https:\/\/www.cdsonter.com\/#website\"},\"primaryImageOfPage\":{\"@id\":\"https:\/\/www.cdsonter.com\/fr\/solutions\/#primaryimage\"},\"image\":{\"@id\":\"https:\/\/www.cdsonter.com\/fr\/solutions\/#primaryimage\"},\"thumbnailUrl\":\"https:\/\/www.cdsonter.com\/wp-content\/uploads\/2019\/12\/5330.jpg\",\"datePublished\":\"2019-12-11T17:43:30+00:00\",\"dateModified\":\"2024-02-15T19:56:13+00:00\",\"breadcrumb\":{\"@id\":\"https:\/\/www.cdsonter.com\/fr\/solutions\/#breadcrumb\"},\"inLanguage\":\"fr-CA\",\"potentialAction\":[{\"@type\":\"ReadAction\",\"target\":[\"https:\/\/www.cdsonter.com\/fr\/solutions\/\"]}]},{\"@type\":\"ImageObject\",\"inLanguage\":\"fr-CA\",\"@id\":\"https:\/\/www.cdsonter.com\/fr\/solutions\/#primaryimage\",\"url\":\"https:\/\/www.cdsonter.com\/wp-content\/uploads\/2019\/12\/5330.jpg\",\"contentUrl\":\"https:\/\/www.cdsonter.com\/wp-content\/uploads\/2019\/12\/5330.jpg\",\"width\":1600,\"height\":1067,\"caption\":\"The skyscraper is in qingdao China\"},{\"@type\":\"BreadcrumbList\",\"@id\":\"https:\/\/www.cdsonter.com\/fr\/solutions\/#breadcrumb\",\"itemListElement\":[{\"@type\":\"ListItem\",\"position\":1,\"name\":\"Home\",\"item\":\"https:\/\/www.cdsonter.com\/fr\/\"},{\"@type\":\"ListItem\",\"position\":2,\"name\":\"Solutions\"}]},{\"@type\":\"WebSite\",\"@id\":\"https:\/\/www.cdsonter.com\/#website\",\"url\":\"https:\/\/www.cdsonter.com\/\",\"name\":\"CD Sonter Ltd.\",\"description\":\"Environmental Consultants\",\"publisher\":{\"@id\":\"https:\/\/www.cdsonter.com\/#organization\"},\"potentialAction\":[{\"@type\":\"SearchAction\",\"target\":{\"@type\":\"EntryPoint\",\"urlTemplate\":\"https:\/\/www.cdsonter.com\/?s={search_term_string}\"},\"query-input\":{\"@type\":\"PropertyValueSpecification\",\"valueRequired\":true,\"valueName\":\"search_term_string\"}}],\"inLanguage\":\"fr-CA\"},{\"@type\":\"Organization\",\"@id\":\"https:\/\/www.cdsonter.com\/#organization\",\"name\":\"CD Sonter\",\"url\":\"https:\/\/www.cdsonter.com\/\",\"logo\":{\"@type\":\"ImageObject\",\"inLanguage\":\"fr-CA\",\"@id\":\"https:\/\/www.cdsonter.com\/#\/schema\/logo\/image\/\",\"url\":\"https:\/\/www.cdsonter.com\/wp-content\/uploads\/2020\/02\/cd-sonter-logo-rev.svg\",\"contentUrl\":\"https:\/\/www.cdsonter.com\/wp-content\/uploads\/2020\/02\/cd-sonter-logo-rev.svg\",\"width\":1,\"height\":1,\"caption\":\"CD Sonter\"},\"image\":{\"@id\":\"https:\/\/www.cdsonter.com\/#\/schema\/logo\/image\/\"},\"sameAs\":[\"https:\/\/x.com\/CDSONTER\",\"https:\/\/www.linkedin.com\/company\/cd-sonter-ltd\"]}]}<\/script>\n<!-- \/ Yoast SEO plugin. -->","yoast_head_json":{"title":"Solutions - CD Sonter Ltd.","robots":{"index":"index","follow":"follow","max-snippet":"max-snippet:-1","max-image-preview":"max-image-preview:large","max-video-preview":"max-video-preview:-1"},"canonical":"https:\/\/www.cdsonter.com\/fr\/solutions\/","og_locale":"fr_CA","og_type":"article","og_title":"Solutions - CD Sonter Ltd.","og_description":"Occupant Engagement At CD SONTER, we engage occupants through meaningful, thought-provoking sustainability events that leave a lasting impact.Education &amp; Training Our professional team of educators can improve sustainability engagement, awareness through our dynamic training programs tailored to your specific needs.Waste Audits A waste audit measures the amount and composition of waste generated by a building. [&hellip;]","og_url":"https:\/\/www.cdsonter.com\/fr\/solutions\/","og_site_name":"CD Sonter Ltd.","article_modified_time":"2024-02-15T19:56:13+00:00","og_image":[{"width":1600,"height":1067,"url":"https:\/\/www.cdsonter.com\/wp-content\/uploads\/2019\/12\/5330.jpg","type":"image\/jpeg"}],"twitter_card":"summary_large_image","twitter_site":"@CDSONTER","twitter_misc":{"Estimation du temps de lecture":"5 minutes"},"schema":{"@context":"https:\/\/schema.org","@graph":[{"@type":"WebPage","@id":"https:\/\/www.cdsonter.com\/fr\/solutions\/","url":"https:\/\/www.cdsonter.com\/fr\/solutions\/","name":"Solutions - CD Sonter Ltd.","isPartOf":{"@id":"https:\/\/www.cdsonter.com\/#website"},"primaryImageOfPage":{"@id":"https:\/\/www.cdsonter.com\/fr\/solutions\/#primaryimage"},"image":{"@id":"https:\/\/www.cdsonter.com\/fr\/solutions\/#primaryimage"},"thumbnailUrl":"https:\/\/www.cdsonter.com\/wp-content\/uploads\/2019\/12\/5330.jpg","datePublished":"2019-12-11T17:43:30+00:00","dateModified":"2024-02-15T19:56:13+00:00","breadcrumb":{"@id":"https:\/\/www.cdsonter.com\/fr\/solutions\/#breadcrumb"},"inLanguage":"fr-CA","potentialAction":[{"@type":"ReadAction","target":["https:\/\/www.cdsonter.com\/fr\/solutions\/"]}]},{"@type":"ImageObject","inLanguage":"fr-CA","@id":"https:\/\/www.cdsonter.com\/fr\/solutions\/#primaryimage","url":"https:\/\/www.cdsonter.com\/wp-content\/uploads\/2019\/12\/5330.jpg","contentUrl":"https:\/\/www.cdsonter.com\/wp-content\/uploads\/2019\/12\/5330.jpg","width":1600,"height":1067,"caption":"The skyscraper is in qingdao China"},{"@type":"BreadcrumbList","@id":"https:\/\/www.cdsonter.com\/fr\/solutions\/#breadcrumb","itemListElement":[{"@type":"ListItem","position":1,"name":"Home","item":"https:\/\/www.cdsonter.com\/fr\/"},{"@type":"ListItem","position":2,"name":"Solutions"}]},{"@type":"WebSite","@id":"https:\/\/www.cdsonter.com\/#website","url":"https:\/\/www.cdsonter.com\/","name":"CD Sonter Ltd.","description":"Environmental Consultants","publisher":{"@id":"https:\/\/www.cdsonter.com\/#organization"},"potentialAction":[{"@type":"SearchAction","target":{"@type":"EntryPoint","urlTemplate":"https:\/\/www.cdsonter.com\/?s={search_term_string}"},"query-input":{"@type":"PropertyValueSpecification","valueRequired":true,"valueName":"search_term_string"}}],"inLanguage":"fr-CA"},{"@type":"Organization","@id":"https:\/\/www.cdsonter.com\/#organization","name":"CD Sonter","url":"https:\/\/www.cdsonter.com\/","logo":{"@type":"ImageObject","inLanguage":"fr-CA","@id":"https:\/\/www.cdsonter.com\/#\/schema\/logo\/image\/","url":"https:\/\/www.cdsonter.com\/wp-content\/uploads\/2020\/02\/cd-sonter-logo-rev.svg","contentUrl":"https:\/\/www.cdsonter.com\/wp-content\/uploads\/2020\/02\/cd-sonter-logo-rev.svg","width":1,"height":1,"caption":"CD Sonter"},"image":{"@id":"https:\/\/www.cdsonter.com\/#\/schema\/logo\/image\/"},"sameAs":["https:\/\/x.com\/CDSONTER","https:\/\/www.linkedin.com\/company\/cd-sonter-ltd"]}]}},"_links":{"self":[{"href":"https:\/\/www.cdsonter.com\/fr\/wp-json\/wp\/v2\/pages\/111","targetHints":{"allow":["GET"]}}],"collection":[{"href":"https:\/\/www.cdsonter.com\/fr\/wp-json\/wp\/v2\/pages"}],"about":[{"href":"https:\/\/www.cdsonter.com\/fr\/wp-json\/wp\/v2\/types\/page"}],"author":[{"embeddable":true,"href":"https:\/\/www.cdsonter.com\/fr\/wp-json\/wp\/v2\/users\/1"}],"replies":[{"embeddable":true,"href":"https:\/\/www.cdsonter.com\/fr\/wp-json\/wp\/v2\/comments?post=111"}],"version-history":[{"count":25,"href":"https:\/\/www.cdsonter.com\/fr\/wp-json\/wp\/v2\/pages\/111\/revisions"}],"predecessor-version":[{"id":4115,"href":"https:\/\/www.cdsonter.com\/fr\/wp-json\/wp\/v2\/pages\/111\/revisions\/4115"}],"wp:featuredmedia":[{"embeddable":true,"href":"https:\/\/www.cdsonter.com\/fr\/wp-json\/wp\/v2\/media\/1144"}],"wp:attachment":[{"href":"https:\/\/www.cdsonter.com\/fr\/wp-json\/wp\/v2\/media?parent=111"}],"curies":[{"name":"wp","href":"https:\/\/api.w.org\/{rel}","templated":true}]}}