{"id":121,"date":"2019-12-11T17:53:05","date_gmt":"2019-12-11T17:53:05","guid":{"rendered":"http:\/\/cdsonter.webtechcornwall.com\/?page_id=121"},"modified":"2024-01-23T10:10:06","modified_gmt":"2024-01-23T15:10:06","slug":"education-training","status":"publish","type":"page","link":"https:\/\/www.cdsonter.com\/fr\/solutions\/education-training\/","title":{"rendered":"Formation et \u00c9ducation"},"content":{"rendered":"<p>[et_pb_section fb_built=&#8221;1&#8243; specialty=&#8221;on&#8221; _builder_version=&#8221;4.16&#8243; background_image=&#8221;https:\/\/www.cdsonter.com\/wp-content\/uploads\/2019\/12\/buildings-background-scaled.jpg&#8221; background_position=&#8221;top_center&#8221; width=&#8221;99.8%&#8221; custom_padding=&#8221;||170px||false|false&#8221; bottom_divider_style=&#8221;asymmetric4&#8243; bottom_divider_color=&#8221;#e9e9e9&#8243; locked=&#8221;off&#8221; global_colors_info=&#8221;{}&#8221;][et_pb_column type=&#8221;3_4&#8243; specialty_columns=&#8221;3&#8243; _builder_version=&#8221;4.16&#8243; custom_padding=&#8221;|||&#8221; global_colors_info=&#8221;{}&#8221; custom_padding__hover=&#8221;|||&#8221;][et_pb_row_inner _builder_version=&#8221;4.16&#8243; global_colors_info=&#8221;{}&#8221;][et_pb_column_inner saved_specialty_column_type=&#8221;3_4&#8243; _builder_version=&#8221;4.0.9&#8243; global_colors_info=&#8221;{}&#8221;][et_pb_text admin_label=&#8221;Text&#8221; _builder_version=&#8221;4.16&#8243; header_2_font_size=&#8221;42px&#8221; background_size=&#8221;initial&#8221; background_position=&#8221;top_left&#8221; background_repeat=&#8221;repeat&#8221; global_colors_info=&#8221;{}&#8221;]<\/p>\n<h2>Formation et \u00c9ducation<\/h2>\n<p>Il est crucial que les occupants et le personnel participent activement afin d'assurer le succ\u00e8s de la programmation de durabilit\u00e9 sur votre site. Gr\u00e2ce \u00e0 nos programmes de formation dynamiques adapt\u00e9s \u00e0 vos besoins sp\u00e9cifiques, notre \u00e9quipe professionnelle d'\u00e9ducateurs peut renforcer l'engagement, la sensibilisation et les r\u00e9sultats en mati\u00e8re de durabilit\u00e9 et de bien-\u00eatre.<\/p>\n<p>[\/et_pb_text][\/et_pb_column_inner][\/et_pb_row_inner][et_pb_row_inner _builder_version=&#8221;4.16&#8243; global_colors_info=&#8221;{}&#8221;][et_pb_column_inner saved_specialty_column_type=&#8221;3_4&#8243; _builder_version=&#8221;4.0.9&#8243; global_colors_info=&#8221;{}&#8221;][et_pb_text _builder_version=&#8221;4.24.0&#8243; hover_enabled=&#8221;0&#8243; global_colors_info=&#8221;{}&#8221; sticky_enabled=&#8221;0&#8243;]<\/p>\n<h4>\u00c9quipes vertes et s\u00e9ances \u00e9ducatives<\/h4>\n<p>Chez CD SONTER, nous nous engageons \u00e0 partager notre expertise avec nos clients. Nous concevons et animons des s\u00e9ances de formation en personne ou virtuelles visant \u00e0 promouvoir des initiatives de durabilit\u00e9 \u00e0 long terme. Nous abordons des sujets tels que :<\/p>\n<ul>\n<li>La r\u00e9duction des d\u00e9chets<\/li>\n<li>Conservation de l'\u00e9nergie<\/li>\n<li>La conservation de l'eau<\/li>\n<li>L\u2019objectif Net Z\u00e9ro<\/li>\n<li>La mobilisation climatique<\/li>\n<li>Les achats durables<\/li>\n<li>Le transport durable<\/li>\n<li>La sant\u00e9 et le bien-\u00eatre<\/li>\n<\/ul>\n<p>Et plus encore. Si un sujet de durabilit\u00e9 ne figure pas dans la liste ci-dessus, faites-le nous savoir et nous pourrons \u00e9laborer un programme de formation \u00e0 ce sujet.<\/p>\n<p>[\/et_pb_text][et_pb_text admin_label=&#8221;Waste and Recycling Tenant Training and Awareness&#8221; _builder_version=&#8221;4.24.0&#8243; hover_enabled=&#8221;0&#8243; global_colors_info=&#8221;{}&#8221; sticky_enabled=&#8221;0&#8243;]<\/p>\n<h4>Ateliers<\/h4>\n<p>Nos ateliers incluent des activit\u00e9s interactives auxquelles les occupants peuvent participer. Voici quelques activit\u00e9s cl\u00e9s \u00e0 prendre en consid\u00e9ration :<\/p>\n<ul>\n<li>Atelier sur une alimentation durable et saine avec cours de cuisine en direct<\/li>\n<li>Atelier sur le jardinage autochtone<\/li>\n<li>S\u00e9ance de durabilit\u00e9 et yoga<\/li>\n<li>Fabrication de papier de graines<\/li>\n<li>Fabrication de papier de graines pollinisatrices<\/li>\n<li>Construction de refuges pour les abeilles sauvages<\/li>\n<li>Fabrication de lotion pour le corps infus\u00e9e de fleurs<\/li>\n<li>\u00c9laboration d'un plan d'action climatique<\/li>\n<\/ul>\n<p>[\/et_pb_text][et_pb_text admin_label=&#8221;Waste and Recycling Tenant Training and Awareness&#8221; _builder_version=&#8221;4.24.0&#8243; hover_enabled=&#8221;0&#8243; global_colors_info=&#8221;{}&#8221; sticky_enabled=&#8221;0&#8243;]<\/p>\n<h4>Formation sur la gestion des d\u00e9chets et du recyclage<\/h4>\n<p>Nos programmes de formation sur la gestion des d\u00e9chets et le recyclage renforcent la participation \u00e0 la diversion des d\u00e9chets sur votre site, contribuant \u00e0 r\u00e9aliser des \u00e9conomies \u00e0 long terme en mati\u00e8re de recyclage.<\/p>\n<p>Nos formateurs professionnels rencontreront individuellement un gestionnaire de chaque groupe de locataires pour :<\/p>\n<ul>\n<li>Fournir une description d\u00e9taill\u00e9e de leur r\u00f4le dans le programme de gestion des d\u00e9chets et du recyclage.<\/li>\n<li>Passer en revue les m\u00e9triques de diversion sp\u00e9cifiques au site et la liste des mat\u00e9riaux acceptables dans chaque flux de d\u00e9chets.<\/li>\n<li>Fournir des ressources \u00e0 afficher dans leur espace pour encourager une participation continue de tous les employ\u00e9s.<\/li>\n<li>R\u00e9pondre \u00e0 toute question concernant le programme de recyclage.<\/li>\n<\/ul>\n<p>Nous proposons \u00e9galement des s\u00e9ances de formation distinctes de type salle de conf\u00e9rence pour le personnel d'entretien, de nettoyage et de s\u00e9curit\u00e9. Notre formation est \u00e9ducative, mais se concentre sur l'engagement et l'interaction.<\/p>\n<p>[\/et_pb_text][et_pb_text admin_label=&#8221;Waste and Recycling Tenant Training and Awareness&#8221; _builder_version=&#8221;4.24.0&#8243; hover_enabled=&#8221;0&#8243; global_colors_info=&#8221;{}&#8221; sticky_enabled=&#8221;0&#8243;]<\/p>\n<h4>Bulletins d\u2019informations, bo\u00eetes \u00e0 outils personnalis\u00e9es et guides<\/h4>\n<p class=\"translation-block\">CD SONTER s'engage \u00e0 fournir des outils permettant \u00e0 vos propri\u00e9t\u00e9s de continuer \u00e0 offrir l'expertise et les ressources en mati\u00e8re de durabilit\u00e9 que vos occupants connaissent, en lesquelles ils ont confiance et vers lesquelles ils se tournent. Notre approche de l'engagement en mati\u00e8re de durabilit\u00e9 garantit que les occupants re\u00e7oivent des conseils pratiques et les meilleures pratiques en mati\u00e8re de durabilit\u00e9 pour le lieu de travail. Dans nos bulletins d'information, nous mettons en lumi\u00e8re les derni\u00e8res nouvelles et informations sur les tendances et les innovations en mati\u00e8re de durabilit\u00e9 en Am\u00e9rique du Nord. Cela favorise un engagement plus profond des participants et responsabilise toutes les parties prenantes \u00e0 contribuer au succ\u00e8s de la programmation de durabilit\u00e9 de la <b>gestion immobili\u00e8re<\/b>.<\/p>\n<p>Les th\u00e8mes que nous abordons incluent :<\/p>\n<ul>\n<li>Durabilit\u00e9 \u00e0 domicile<\/li>\n<li>La conservation de l'eau<\/li>\n<li>Gestion des d\u00e9chets<\/li>\n<li>Approvisionnement durable<\/li>\n<li>Le transport durable<\/li>\n<li>Sant\u00e9 et bien-\u00eatre<\/li>\n<li>Lien avec la nature<\/li>\n<li>Durabilit\u00e9 urbaine<\/li>\n<li>Changement climatique<\/li>\n<li>Tout autre sujet de durabilit\u00e9 d'int\u00e9r\u00eat<\/li>\n<\/ul>\n<p>[\/et_pb_text][\/et_pb_column_inner][\/et_pb_row_inner][\/et_pb_column][et_pb_column type=&#8221;1_4&#8243; _builder_version=&#8221;4.16&#8243; custom_padding=&#8221;|||&#8221; global_colors_info=&#8221;{}&#8221; custom_padding__hover=&#8221;|||&#8221;][et_pb_sidebar area=&#8221;et_pb_widget_area_1&#8243; module_class=&#8221;sidebar-nav&#8221; _builder_version=&#8221;4.4.9&#8243; header_font=&#8221;|800||on|||||&#8221; header_text_color=&#8221;#98c3c9&#8243; header_font_size=&#8221;26px&#8221; body_font=&#8221;Poppins|||on|||||&#8221; body_text_color=&#8221;#1F4C6C&#8221; custom_margin=&#8221;||0px||false|false&#8221; custom_padding=&#8221;|0px||0px|false|true&#8221; border_color_all=&#8221;rgba(0,0,0,0)&#8221; global_module=&#8221;753&#8243; saved_tabs=&#8221;all&#8221; global_colors_info=&#8221;{}&#8221;][\/et_pb_sidebar][et_pb_cta title=&#8221;Have a question or need a quote?&#8221; button_url=&#8221;@ET-DC@eyJkeW5hbWljIjp0cnVlLCJjb250ZW50IjoicG9zdF9saW5rX3VybF9wYWdlIiwic2V0dGluZ3MiOnsicG9zdF9pZCI6IjIyNiJ9fQ==@&#8221; button_text=&#8221;Talk to Us&#8221; disabled_on=&#8221;off|off|off&#8221; module_class=&#8221;sidebar-cta&#8221; _builder_version=&#8221;4.9.7&#8243; _dynamic_attributes=&#8221;button_url&#8221; header_level=&#8221;h3&#8243; header_font=&#8221;|800||on|||||&#8221; header_text_color=&#8221;#98C3C9&#8243; header_font_size=&#8221;18px&#8221; header_line_height=&#8221;1.2em&#8221; body_font=&#8221;|600|||||||&#8221; body_text_color=&#8221;#767676&#8243; background_color=&#8221;rgba(233,233,233,0.8)&#8221; custom_button=&#8221;on&#8221; button_text_color=&#8221;#FFFFFF&#8221; button_bg_color=&#8221;#98C3C9&#8243; button_alignment=&#8221;center&#8221; custom_padding=&#8221;30px|20px|30px|20px|true|true&#8221; custom_css_promo_description=&#8221;padding-bottom: 5px;&#8221; custom_css_promo_button=&#8221;font-weight: 500;||line-height: 1.7em;&#8221; border_width_top=&#8221;2px&#8221; border_color_top=&#8221;#cd3335&#8243; global_module=&#8221;337&#8243; saved_tabs=&#8221;all&#8221; global_colors_info=&#8221;{}&#8221;][\/et_pb_cta][\/et_pb_column][\/et_pb_section]<\/p>","protected":false},"excerpt":{"rendered":"<p>Occupant and staff participation is integral to ensuring the success of your site\u2019s sustainability programming.\u00a0Our professional training team can improve engagement, awareness, and results through our dynamic training programs tailored to each project.<\/p>","protected":false},"author":1,"featured_media":1139,"parent":111,"menu_order":5,"comment_status":"closed","ping_status":"closed","template":"","meta":{"_et_pb_use_builder":"on","_et_pb_old_content":"<!-- wp:divi\/placeholder \/-->","_et_gb_content_width":"","footnotes":""},"class_list":["post-121","page","type-page","status-publish","has-post-thumbnail","hentry"],"yoast_head":"<!-- This site is optimized with the Yoast SEO plugin v27.1.1 - https:\/\/yoast.com\/product\/yoast-seo-wordpress\/ -->\n<title>Education &amp; Training - CD Sonter Ltd.<\/title>\n<meta name=\"robots\" content=\"index, follow, max-snippet:-1, max-image-preview:large, max-video-preview:-1\" \/>\n<link rel=\"canonical\" href=\"https:\/\/www.cdsonter.com\/fr\/solutions\/education-training\/\" \/>\n<meta property=\"og:locale\" content=\"fr_CA\" \/>\n<meta property=\"og:type\" content=\"article\" \/>\n<meta property=\"og:title\" content=\"Education &amp; Training - CD Sonter Ltd.\" \/>\n<meta property=\"og:description\" content=\"Occupant and staff participation is integral to ensuring the success of your site\u2019s sustainability programming.\u00a0Our professional training team can improve engagement, awareness, and results through our dynamic training programs tailored to each project.\" \/>\n<meta property=\"og:url\" content=\"https:\/\/www.cdsonter.com\/fr\/solutions\/education-training\/\" \/>\n<meta property=\"og:site_name\" content=\"CD Sonter Ltd.\" \/>\n<meta property=\"article:modified_time\" content=\"2024-01-23T15:10:06+00:00\" \/>\n<meta property=\"og:image\" content=\"https:\/\/www.cdsonter.com\/wp-content\/uploads\/2019\/12\/140.jpg\" \/>\n\t<meta property=\"og:image:width\" content=\"1600\" \/>\n\t<meta property=\"og:image:height\" content=\"1068\" \/>\n\t<meta property=\"og:image:type\" content=\"image\/jpeg\" \/>\n<meta name=\"twitter:card\" content=\"summary_large_image\" \/>\n<meta name=\"twitter:site\" content=\"@CDSONTER\" \/>\n<meta name=\"twitter:label1\" content=\"Estimation du temps de lecture\" \/>\n\t<meta name=\"twitter:data1\" content=\"4 minutes\" \/>\n<script type=\"application\/ld+json\" class=\"yoast-schema-graph\">{\"@context\":\"https:\/\/schema.org\",\"@graph\":[{\"@type\":\"WebPage\",\"@id\":\"https:\/\/www.cdsonter.com\/fr\/solutions\/education-training\/\",\"url\":\"https:\/\/www.cdsonter.com\/fr\/solutions\/education-training\/\",\"name\":\"Education & Training - CD Sonter Ltd.\",\"isPartOf\":{\"@id\":\"https:\/\/www.cdsonter.com\/#website\"},\"primaryImageOfPage\":{\"@id\":\"https:\/\/www.cdsonter.com\/fr\/solutions\/education-training\/#primaryimage\"},\"image\":{\"@id\":\"https:\/\/www.cdsonter.com\/fr\/solutions\/education-training\/#primaryimage\"},\"thumbnailUrl\":\"https:\/\/www.cdsonter.com\/wp-content\/uploads\/2019\/12\/140.jpg\",\"datePublished\":\"2019-12-11T17:53:05+00:00\",\"dateModified\":\"2024-01-23T15:10:06+00:00\",\"breadcrumb\":{\"@id\":\"https:\/\/www.cdsonter.com\/fr\/solutions\/education-training\/#breadcrumb\"},\"inLanguage\":\"fr-CA\",\"potentialAction\":[{\"@type\":\"ReadAction\",\"target\":[\"https:\/\/www.cdsonter.com\/fr\/solutions\/education-training\/\"]}]},{\"@type\":\"ImageObject\",\"inLanguage\":\"fr-CA\",\"@id\":\"https:\/\/www.cdsonter.com\/fr\/solutions\/education-training\/#primaryimage\",\"url\":\"https:\/\/www.cdsonter.com\/wp-content\/uploads\/2019\/12\/140.jpg\",\"contentUrl\":\"https:\/\/www.cdsonter.com\/wp-content\/uploads\/2019\/12\/140.jpg\",\"width\":1600,\"height\":1068,\"caption\":\"Raised up hands and arms of large group in seminar class room to agree with speaker at conference seminar meeting room\"},{\"@type\":\"BreadcrumbList\",\"@id\":\"https:\/\/www.cdsonter.com\/fr\/solutions\/education-training\/#breadcrumb\",\"itemListElement\":[{\"@type\":\"ListItem\",\"position\":1,\"name\":\"Home\",\"item\":\"https:\/\/www.cdsonter.com\/fr\/\"},{\"@type\":\"ListItem\",\"position\":2,\"name\":\"Solutions\",\"item\":\"https:\/\/www.cdsonter.com\/fr\/solutions\/\"},{\"@type\":\"ListItem\",\"position\":3,\"name\":\"Education &#038; Training\"}]},{\"@type\":\"WebSite\",\"@id\":\"https:\/\/www.cdsonter.com\/#website\",\"url\":\"https:\/\/www.cdsonter.com\/\",\"name\":\"CD Sonter Ltd.\",\"description\":\"Environmental Consultants\",\"publisher\":{\"@id\":\"https:\/\/www.cdsonter.com\/#organization\"},\"potentialAction\":[{\"@type\":\"SearchAction\",\"target\":{\"@type\":\"EntryPoint\",\"urlTemplate\":\"https:\/\/www.cdsonter.com\/?s={search_term_string}\"},\"query-input\":{\"@type\":\"PropertyValueSpecification\",\"valueRequired\":true,\"valueName\":\"search_term_string\"}}],\"inLanguage\":\"fr-CA\"},{\"@type\":\"Organization\",\"@id\":\"https:\/\/www.cdsonter.com\/#organization\",\"name\":\"CD Sonter\",\"url\":\"https:\/\/www.cdsonter.com\/\",\"logo\":{\"@type\":\"ImageObject\",\"inLanguage\":\"fr-CA\",\"@id\":\"https:\/\/www.cdsonter.com\/#\/schema\/logo\/image\/\",\"url\":\"https:\/\/www.cdsonter.com\/wp-content\/uploads\/2020\/02\/cd-sonter-logo-rev.svg\",\"contentUrl\":\"https:\/\/www.cdsonter.com\/wp-content\/uploads\/2020\/02\/cd-sonter-logo-rev.svg\",\"width\":1,\"height\":1,\"caption\":\"CD Sonter\"},\"image\":{\"@id\":\"https:\/\/www.cdsonter.com\/#\/schema\/logo\/image\/\"},\"sameAs\":[\"https:\/\/x.com\/CDSONTER\",\"https:\/\/www.linkedin.com\/company\/cd-sonter-ltd\"]}]}<\/script>\n<!-- \/ Yoast SEO plugin. -->","yoast_head_json":{"title":"Education & Training - CD Sonter Ltd.","robots":{"index":"index","follow":"follow","max-snippet":"max-snippet:-1","max-image-preview":"max-image-preview:large","max-video-preview":"max-video-preview:-1"},"canonical":"https:\/\/www.cdsonter.com\/fr\/solutions\/education-training\/","og_locale":"fr_CA","og_type":"article","og_title":"Education & Training - CD Sonter Ltd.","og_description":"Occupant and staff participation is integral to ensuring the success of your site\u2019s sustainability programming.\u00a0Our professional training team can improve engagement, awareness, and results through our dynamic training programs tailored to each project.","og_url":"https:\/\/www.cdsonter.com\/fr\/solutions\/education-training\/","og_site_name":"CD Sonter Ltd.","article_modified_time":"2024-01-23T15:10:06+00:00","og_image":[{"width":1600,"height":1068,"url":"https:\/\/www.cdsonter.com\/wp-content\/uploads\/2019\/12\/140.jpg","type":"image\/jpeg"}],"twitter_card":"summary_large_image","twitter_site":"@CDSONTER","twitter_misc":{"Estimation du temps de lecture":"4 minutes"},"schema":{"@context":"https:\/\/schema.org","@graph":[{"@type":"WebPage","@id":"https:\/\/www.cdsonter.com\/fr\/solutions\/education-training\/","url":"https:\/\/www.cdsonter.com\/fr\/solutions\/education-training\/","name":"Education & Training - CD Sonter Ltd.","isPartOf":{"@id":"https:\/\/www.cdsonter.com\/#website"},"primaryImageOfPage":{"@id":"https:\/\/www.cdsonter.com\/fr\/solutions\/education-training\/#primaryimage"},"image":{"@id":"https:\/\/www.cdsonter.com\/fr\/solutions\/education-training\/#primaryimage"},"thumbnailUrl":"https:\/\/www.cdsonter.com\/wp-content\/uploads\/2019\/12\/140.jpg","datePublished":"2019-12-11T17:53:05+00:00","dateModified":"2024-01-23T15:10:06+00:00","breadcrumb":{"@id":"https:\/\/www.cdsonter.com\/fr\/solutions\/education-training\/#breadcrumb"},"inLanguage":"fr-CA","potentialAction":[{"@type":"ReadAction","target":["https:\/\/www.cdsonter.com\/fr\/solutions\/education-training\/"]}]},{"@type":"ImageObject","inLanguage":"fr-CA","@id":"https:\/\/www.cdsonter.com\/fr\/solutions\/education-training\/#primaryimage","url":"https:\/\/www.cdsonter.com\/wp-content\/uploads\/2019\/12\/140.jpg","contentUrl":"https:\/\/www.cdsonter.com\/wp-content\/uploads\/2019\/12\/140.jpg","width":1600,"height":1068,"caption":"Raised up hands and arms of large group in seminar class room to agree with speaker at conference seminar meeting room"},{"@type":"BreadcrumbList","@id":"https:\/\/www.cdsonter.com\/fr\/solutions\/education-training\/#breadcrumb","itemListElement":[{"@type":"ListItem","position":1,"name":"Home","item":"https:\/\/www.cdsonter.com\/fr\/"},{"@type":"ListItem","position":2,"name":"Solutions","item":"https:\/\/www.cdsonter.com\/fr\/solutions\/"},{"@type":"ListItem","position":3,"name":"Education &#038; Training"}]},{"@type":"WebSite","@id":"https:\/\/www.cdsonter.com\/#website","url":"https:\/\/www.cdsonter.com\/","name":"CD Sonter Ltd.","description":"Environmental Consultants","publisher":{"@id":"https:\/\/www.cdsonter.com\/#organization"},"potentialAction":[{"@type":"SearchAction","target":{"@type":"EntryPoint","urlTemplate":"https:\/\/www.cdsonter.com\/?s={search_term_string}"},"query-input":{"@type":"PropertyValueSpecification","valueRequired":true,"valueName":"search_term_string"}}],"inLanguage":"fr-CA"},{"@type":"Organization","@id":"https:\/\/www.cdsonter.com\/#organization","name":"CD Sonter","url":"https:\/\/www.cdsonter.com\/","logo":{"@type":"ImageObject","inLanguage":"fr-CA","@id":"https:\/\/www.cdsonter.com\/#\/schema\/logo\/image\/","url":"https:\/\/www.cdsonter.com\/wp-content\/uploads\/2020\/02\/cd-sonter-logo-rev.svg","contentUrl":"https:\/\/www.cdsonter.com\/wp-content\/uploads\/2020\/02\/cd-sonter-logo-rev.svg","width":1,"height":1,"caption":"CD Sonter"},"image":{"@id":"https:\/\/www.cdsonter.com\/#\/schema\/logo\/image\/"},"sameAs":["https:\/\/x.com\/CDSONTER","https:\/\/www.linkedin.com\/company\/cd-sonter-ltd"]}]}},"_links":{"self":[{"href":"https:\/\/www.cdsonter.com\/fr\/wp-json\/wp\/v2\/pages\/121","targetHints":{"allow":["GET"]}}],"collection":[{"href":"https:\/\/www.cdsonter.com\/fr\/wp-json\/wp\/v2\/pages"}],"about":[{"href":"https:\/\/www.cdsonter.com\/fr\/wp-json\/wp\/v2\/types\/page"}],"author":[{"embeddable":true,"href":"https:\/\/www.cdsonter.com\/fr\/wp-json\/wp\/v2\/users\/1"}],"replies":[{"embeddable":true,"href":"https:\/\/www.cdsonter.com\/fr\/wp-json\/wp\/v2\/comments?post=121"}],"version-history":[{"count":14,"href":"https:\/\/www.cdsonter.com\/fr\/wp-json\/wp\/v2\/pages\/121\/revisions"}],"predecessor-version":[{"id":4215,"href":"https:\/\/www.cdsonter.com\/fr\/wp-json\/wp\/v2\/pages\/121\/revisions\/4215"}],"up":[{"embeddable":true,"href":"https:\/\/www.cdsonter.com\/fr\/wp-json\/wp\/v2\/pages\/111"}],"wp:featuredmedia":[{"embeddable":true,"href":"https:\/\/www.cdsonter.com\/fr\/wp-json\/wp\/v2\/media\/1139"}],"wp:attachment":[{"href":"https:\/\/www.cdsonter.com\/fr\/wp-json\/wp\/v2\/media?parent=121"}],"curies":[{"name":"wp","href":"https:\/\/api.w.org\/{rel}","templated":true}]}}