{"id":224,"date":"2019-12-11T20:28:56","date_gmt":"2019-12-11T20:28:56","guid":{"rendered":"http:\/\/cdsonter.webtechcornwall.com\/?page_id=224"},"modified":"2024-05-16T14:41:50","modified_gmt":"2024-05-16T18:41:50","slug":"careers","status":"publish","type":"page","link":"https:\/\/www.cdsonter.com\/fr\/about-us\/careers\/","title":{"rendered":"Carri\u00e8res"},"content":{"rendered":"<p>[et_pb_section fb_built=&#8221;1&#8243; specialty=&#8221;on&#8221; _builder_version=&#8221;4.16&#8243; background_image=&#8221;https:\/\/www.cdsonter.com\/wp-content\/uploads\/2019\/12\/buildings-background-scaled.jpg&#8221; background_position=&#8221;top_center&#8221; width=&#8221;99.8%&#8221; custom_padding=&#8221;||170px||false|false&#8221; bottom_divider_style=&#8221;asymmetric4&#8243; bottom_divider_color=&#8221;#e9e9e9&#8243; global_colors_info=&#8221;{}&#8221;][et_pb_column type=&#8221;3_4&#8243; specialty_columns=&#8221;3&#8243; _builder_version=&#8221;4.16&#8243; custom_padding=&#8221;|||&#8221; global_colors_info=&#8221;{}&#8221; custom_padding__hover=&#8221;|||&#8221;][et_pb_row_inner _builder_version=&#8221;4.16&#8243; global_colors_info=&#8221;{}&#8221;][et_pb_column_inner saved_specialty_column_type=&#8221;3_4&#8243; _builder_version=&#8221;4.0.9&#8243; global_colors_info=&#8221;{}&#8221;][et_pb_text content_last_edited=&#8221;off|desktop&#8221; admin_label=&#8221;Text&#8221; _builder_version=&#8221;4.25.1&#8243; header_2_font_size=&#8221;42px&#8221; background_size=&#8221;initial&#8221; background_position=&#8221;top_left&#8221; background_repeat=&#8221;repeat&#8221; hover_enabled=&#8221;0&#8243; header_font_size_tablet=&#8221;&#8221; header_font_size_phone=&#8221;&#8221; header_font_size_last_edited=&#8221;on|phone&#8221; header_2_font_size_tablet=&#8221;&#8221; header_2_font_size_phone=&#8221;38px&#8221; header_2_font_size_last_edited=&#8221;on|phone&#8221; global_colors_info=&#8221;{}&#8221; sticky_enabled=&#8221;0&#8243;]<\/p>\n<h2>Offres D\u2019emploi<\/h2>\n<p>Merci de consid\u00e9rer une carri\u00e8re au sein de CD Sonter. Lorsqu'un poste, qu'il soit \u00e0 temps plein, \u00e0 temps partiel ou temporaire, deviendra disponible chez CD Sonter, celui-ci sera annonc\u00e9 sur ce site Web.<\/p>\n<p>[\/et_pb_text][\/et_pb_column_inner][\/et_pb_row_inner][et_pb_row_inner disabled_on=&#8221;off|off|off&#8221; _builder_version=&#8221;4.16&#8243; global_colors_info=&#8221;{}&#8221;][et_pb_column_inner saved_specialty_column_type=&#8221;3_4&#8243; _builder_version=&#8221;4.0.9&#8243; global_colors_info=&#8221;{}&#8221;][et_pb_blog include_categories=&#8221;19&#8243; show_thumbnail=&#8221;off&#8221; show_author=&#8221;off&#8221; show_date=&#8221;off&#8221; show_categories=&#8221;off&#8221; _builder_version=&#8221;4.17.4&#8243; header_level=&#8221;h3&#8243; header_font=&#8221;|700||on|||||&#8221; header_text_color=&#8221;#98c3c9&#8243; meta_font=&#8221;|300|||||||&#8221; background_enable_color=&#8221;off&#8221; custom_padding=&#8221;||||false|false&#8221; custom_css_title=&#8221;padding-left: 30px;||padding-bottom: 0;||&#8221; custom_css_content=&#8221;padding-left: 30px;||&#8221; custom_css_post_meta=&#8221;padding-left: 30px;||&#8221; border_width_left_fullwidth=&#8221;2px&#8221; border_color_left_fullwidth=&#8221;#cd3335&#8243; global_module=&#8221;667&#8243; saved_tabs=&#8221;all&#8221; global_colors_info=&#8221;{}&#8221;][\/et_pb_blog][\/et_pb_column_inner][\/et_pb_row_inner][\/et_pb_column][et_pb_column type=&#8221;1_4&#8243; _builder_version=&#8221;4.16&#8243; custom_padding=&#8221;|||&#8221; global_colors_info=&#8221;{}&#8221; custom_padding__hover=&#8221;|||&#8221;][et_pb_sidebar area=&#8221;et_pb_widget_area_2&#8243; module_class=&#8221;sidebar-nav&#8221; _builder_version=&#8221;4.9.7&#8243; header_font=&#8221;|800||on|||||&#8221; header_text_color=&#8221;#98c3c9&#8243; header_font_size=&#8221;26px&#8221; body_font=&#8221;Poppins|||on|||||&#8221; body_text_color=&#8221;#1f4c6c&#8221; custom_margin=&#8221;||0px||false|false&#8221; custom_padding=&#8221;|0px||0px|false|true&#8221; border_color_all=&#8221;rgba(0,0,0,0)&#8221; global_module=&#8221;2396&#8243; global_colors_info=&#8221;{}&#8221;][\/et_pb_sidebar][et_pb_cta title=&#8221;Have a question or need a quote?&#8221; button_url=&#8221;@ET-DC@eyJkeW5hbWljIjp0cnVlLCJjb250ZW50IjoicG9zdF9saW5rX3VybF9wYWdlIiwic2V0dGluZ3MiOnsicG9zdF9pZCI6IjIyNiJ9fQ==@&#8221; button_text=&#8221;Talk to Us&#8221; disabled_on=&#8221;off|off|off&#8221; module_class=&#8221;sidebar-cta&#8221; _builder_version=&#8221;4.9.7&#8243; _dynamic_attributes=&#8221;button_url&#8221; header_level=&#8221;h3&#8243; header_font=&#8221;|800||on|||||&#8221; header_text_color=&#8221;#98C3C9&#8243; header_font_size=&#8221;18px&#8221; header_line_height=&#8221;1.2em&#8221; body_font=&#8221;|600|||||||&#8221; body_text_color=&#8221;#767676&#8243; background_color=&#8221;rgba(233,233,233,0.8)&#8221; custom_button=&#8221;on&#8221; button_text_color=&#8221;#FFFFFF&#8221; button_bg_color=&#8221;#98C3C9&#8243; button_alignment=&#8221;center&#8221; custom_padding=&#8221;30px|20px|30px|20px|true|true&#8221; custom_css_promo_description=&#8221;padding-bottom: 5px;&#8221; custom_css_promo_button=&#8221;font-weight: 500;||line-height: 1.7em;&#8221; border_width_top=&#8221;2px&#8221; border_color_top=&#8221;#cd3335&#8243; global_module=&#8221;337&#8243; saved_tabs=&#8221;all&#8221; global_colors_info=&#8221;{}&#8221;][\/et_pb_cta][\/et_pb_column][\/et_pb_section]<\/p>","protected":false},"excerpt":{"rendered":"<p>Current Opportunities Thank you for considering a career with CD SONTER. When any position with CD SONTER becomes available, whether it be full-time, part-time, or temporary, it will be advertised on this website.<\/p>","protected":false},"author":1,"featured_media":1141,"parent":218,"menu_order":0,"comment_status":"closed","ping_status":"closed","template":"","meta":{"_et_pb_use_builder":"on","_et_pb_old_content":"<!-- wp:divi\/placeholder \/-->","_et_gb_content_width":"","footnotes":""},"class_list":["post-224","page","type-page","status-publish","has-post-thumbnail","hentry"],"yoast_head":"<!-- This site is optimized with the Yoast SEO plugin v27.1.1 - https:\/\/yoast.com\/product\/yoast-seo-wordpress\/ -->\n<title>Careers - CD Sonter Ltd.<\/title>\n<meta name=\"robots\" content=\"index, follow, max-snippet:-1, max-image-preview:large, max-video-preview:-1\" \/>\n<link rel=\"canonical\" href=\"https:\/\/www.cdsonter.com\/fr\/about-us\/careers\/\" \/>\n<meta property=\"og:locale\" content=\"fr_CA\" \/>\n<meta property=\"og:type\" content=\"article\" \/>\n<meta property=\"og:title\" content=\"Careers - CD Sonter Ltd.\" \/>\n<meta property=\"og:description\" content=\"Current Opportunities Thank you for considering a career with CD SONTER. When any position with CD SONTER becomes available, whether it be full-time, part-time, or temporary, it will be advertised on this website.\" \/>\n<meta property=\"og:url\" content=\"https:\/\/www.cdsonter.com\/fr\/about-us\/careers\/\" \/>\n<meta property=\"og:site_name\" content=\"CD Sonter Ltd.\" \/>\n<meta property=\"article:modified_time\" content=\"2024-05-16T18:41:50+00:00\" \/>\n<meta property=\"og:image\" content=\"https:\/\/www.cdsonter.com\/wp-content\/uploads\/2019\/12\/198.jpg\" \/>\n\t<meta property=\"og:image:width\" content=\"1600\" \/>\n\t<meta property=\"og:image:height\" content=\"873\" \/>\n\t<meta property=\"og:image:type\" content=\"image\/jpeg\" \/>\n<meta name=\"twitter:card\" content=\"summary_large_image\" \/>\n<meta name=\"twitter:site\" content=\"@CDSONTER\" \/>\n<meta name=\"twitter:label1\" content=\"Estimation du temps de lecture\" \/>\n\t<meta name=\"twitter:data1\" content=\"3 minutes\" \/>\n<script type=\"application\/ld+json\" class=\"yoast-schema-graph\">{\"@context\":\"https:\/\/schema.org\",\"@graph\":[{\"@type\":\"WebPage\",\"@id\":\"https:\/\/www.cdsonter.com\/fr\/about-us\/careers\/\",\"url\":\"https:\/\/www.cdsonter.com\/fr\/about-us\/careers\/\",\"name\":\"Careers - CD Sonter Ltd.\",\"isPartOf\":{\"@id\":\"https:\/\/www.cdsonter.com\/#website\"},\"primaryImageOfPage\":{\"@id\":\"https:\/\/www.cdsonter.com\/fr\/about-us\/careers\/#primaryimage\"},\"image\":{\"@id\":\"https:\/\/www.cdsonter.com\/fr\/about-us\/careers\/#primaryimage\"},\"thumbnailUrl\":\"https:\/\/www.cdsonter.com\/wp-content\/uploads\/2019\/12\/198.jpg\",\"datePublished\":\"2019-12-11T20:28:56+00:00\",\"dateModified\":\"2024-05-16T18:41:50+00:00\",\"breadcrumb\":{\"@id\":\"https:\/\/www.cdsonter.com\/fr\/about-us\/careers\/#breadcrumb\"},\"inLanguage\":\"fr-CA\",\"potentialAction\":[{\"@type\":\"ReadAction\",\"target\":[\"https:\/\/www.cdsonter.com\/fr\/about-us\/careers\/\"]}]},{\"@type\":\"ImageObject\",\"inLanguage\":\"fr-CA\",\"@id\":\"https:\/\/www.cdsonter.com\/fr\/about-us\/careers\/#primaryimage\",\"url\":\"https:\/\/www.cdsonter.com\/wp-content\/uploads\/2019\/12\/198.jpg\",\"contentUrl\":\"https:\/\/www.cdsonter.com\/wp-content\/uploads\/2019\/12\/198.jpg\",\"width\":1600,\"height\":873,\"caption\":\"Modern building office and blue sky background, 3d rendering\"},{\"@type\":\"BreadcrumbList\",\"@id\":\"https:\/\/www.cdsonter.com\/fr\/about-us\/careers\/#breadcrumb\",\"itemListElement\":[{\"@type\":\"ListItem\",\"position\":1,\"name\":\"Home\",\"item\":\"https:\/\/www.cdsonter.com\/fr\/\"},{\"@type\":\"ListItem\",\"position\":2,\"name\":\"About Us\",\"item\":\"https:\/\/www.cdsonter.com\/fr\/about-us\/\"},{\"@type\":\"ListItem\",\"position\":3,\"name\":\"Careers\"}]},{\"@type\":\"WebSite\",\"@id\":\"https:\/\/www.cdsonter.com\/#website\",\"url\":\"https:\/\/www.cdsonter.com\/\",\"name\":\"CD Sonter Ltd.\",\"description\":\"Environmental Consultants\",\"publisher\":{\"@id\":\"https:\/\/www.cdsonter.com\/#organization\"},\"potentialAction\":[{\"@type\":\"SearchAction\",\"target\":{\"@type\":\"EntryPoint\",\"urlTemplate\":\"https:\/\/www.cdsonter.com\/?s={search_term_string}\"},\"query-input\":{\"@type\":\"PropertyValueSpecification\",\"valueRequired\":true,\"valueName\":\"search_term_string\"}}],\"inLanguage\":\"fr-CA\"},{\"@type\":\"Organization\",\"@id\":\"https:\/\/www.cdsonter.com\/#organization\",\"name\":\"CD Sonter\",\"url\":\"https:\/\/www.cdsonter.com\/\",\"logo\":{\"@type\":\"ImageObject\",\"inLanguage\":\"fr-CA\",\"@id\":\"https:\/\/www.cdsonter.com\/#\/schema\/logo\/image\/\",\"url\":\"https:\/\/www.cdsonter.com\/wp-content\/uploads\/2020\/02\/cd-sonter-logo-rev.svg\",\"contentUrl\":\"https:\/\/www.cdsonter.com\/wp-content\/uploads\/2020\/02\/cd-sonter-logo-rev.svg\",\"width\":1,\"height\":1,\"caption\":\"CD Sonter\"},\"image\":{\"@id\":\"https:\/\/www.cdsonter.com\/#\/schema\/logo\/image\/\"},\"sameAs\":[\"https:\/\/x.com\/CDSONTER\",\"https:\/\/www.linkedin.com\/company\/cd-sonter-ltd\"]}]}<\/script>\n<!-- \/ Yoast SEO plugin. -->","yoast_head_json":{"title":"Careers - CD Sonter Ltd.","robots":{"index":"index","follow":"follow","max-snippet":"max-snippet:-1","max-image-preview":"max-image-preview:large","max-video-preview":"max-video-preview:-1"},"canonical":"https:\/\/www.cdsonter.com\/fr\/about-us\/careers\/","og_locale":"fr_CA","og_type":"article","og_title":"Careers - CD Sonter Ltd.","og_description":"Current Opportunities Thank you for considering a career with CD SONTER. When any position with CD SONTER becomes available, whether it be full-time, part-time, or temporary, it will be advertised on this website.","og_url":"https:\/\/www.cdsonter.com\/fr\/about-us\/careers\/","og_site_name":"CD Sonter Ltd.","article_modified_time":"2024-05-16T18:41:50+00:00","og_image":[{"width":1600,"height":873,"url":"https:\/\/www.cdsonter.com\/wp-content\/uploads\/2019\/12\/198.jpg","type":"image\/jpeg"}],"twitter_card":"summary_large_image","twitter_site":"@CDSONTER","twitter_misc":{"Estimation du temps de lecture":"3 minutes"},"schema":{"@context":"https:\/\/schema.org","@graph":[{"@type":"WebPage","@id":"https:\/\/www.cdsonter.com\/fr\/about-us\/careers\/","url":"https:\/\/www.cdsonter.com\/fr\/about-us\/careers\/","name":"Careers - CD Sonter Ltd.","isPartOf":{"@id":"https:\/\/www.cdsonter.com\/#website"},"primaryImageOfPage":{"@id":"https:\/\/www.cdsonter.com\/fr\/about-us\/careers\/#primaryimage"},"image":{"@id":"https:\/\/www.cdsonter.com\/fr\/about-us\/careers\/#primaryimage"},"thumbnailUrl":"https:\/\/www.cdsonter.com\/wp-content\/uploads\/2019\/12\/198.jpg","datePublished":"2019-12-11T20:28:56+00:00","dateModified":"2024-05-16T18:41:50+00:00","breadcrumb":{"@id":"https:\/\/www.cdsonter.com\/fr\/about-us\/careers\/#breadcrumb"},"inLanguage":"fr-CA","potentialAction":[{"@type":"ReadAction","target":["https:\/\/www.cdsonter.com\/fr\/about-us\/careers\/"]}]},{"@type":"ImageObject","inLanguage":"fr-CA","@id":"https:\/\/www.cdsonter.com\/fr\/about-us\/careers\/#primaryimage","url":"https:\/\/www.cdsonter.com\/wp-content\/uploads\/2019\/12\/198.jpg","contentUrl":"https:\/\/www.cdsonter.com\/wp-content\/uploads\/2019\/12\/198.jpg","width":1600,"height":873,"caption":"Modern building office and blue sky background, 3d rendering"},{"@type":"BreadcrumbList","@id":"https:\/\/www.cdsonter.com\/fr\/about-us\/careers\/#breadcrumb","itemListElement":[{"@type":"ListItem","position":1,"name":"Home","item":"https:\/\/www.cdsonter.com\/fr\/"},{"@type":"ListItem","position":2,"name":"About Us","item":"https:\/\/www.cdsonter.com\/fr\/about-us\/"},{"@type":"ListItem","position":3,"name":"Careers"}]},{"@type":"WebSite","@id":"https:\/\/www.cdsonter.com\/#website","url":"https:\/\/www.cdsonter.com\/","name":"CD Sonter Ltd.","description":"Environmental Consultants","publisher":{"@id":"https:\/\/www.cdsonter.com\/#organization"},"potentialAction":[{"@type":"SearchAction","target":{"@type":"EntryPoint","urlTemplate":"https:\/\/www.cdsonter.com\/?s={search_term_string}"},"query-input":{"@type":"PropertyValueSpecification","valueRequired":true,"valueName":"search_term_string"}}],"inLanguage":"fr-CA"},{"@type":"Organization","@id":"https:\/\/www.cdsonter.com\/#organization","name":"CD Sonter","url":"https:\/\/www.cdsonter.com\/","logo":{"@type":"ImageObject","inLanguage":"fr-CA","@id":"https:\/\/www.cdsonter.com\/#\/schema\/logo\/image\/","url":"https:\/\/www.cdsonter.com\/wp-content\/uploads\/2020\/02\/cd-sonter-logo-rev.svg","contentUrl":"https:\/\/www.cdsonter.com\/wp-content\/uploads\/2020\/02\/cd-sonter-logo-rev.svg","width":1,"height":1,"caption":"CD Sonter"},"image":{"@id":"https:\/\/www.cdsonter.com\/#\/schema\/logo\/image\/"},"sameAs":["https:\/\/x.com\/CDSONTER","https:\/\/www.linkedin.com\/company\/cd-sonter-ltd"]}]}},"_links":{"self":[{"href":"https:\/\/www.cdsonter.com\/fr\/wp-json\/wp\/v2\/pages\/224","targetHints":{"allow":["GET"]}}],"collection":[{"href":"https:\/\/www.cdsonter.com\/fr\/wp-json\/wp\/v2\/pages"}],"about":[{"href":"https:\/\/www.cdsonter.com\/fr\/wp-json\/wp\/v2\/types\/page"}],"author":[{"embeddable":true,"href":"https:\/\/www.cdsonter.com\/fr\/wp-json\/wp\/v2\/users\/1"}],"replies":[{"embeddable":true,"href":"https:\/\/www.cdsonter.com\/fr\/wp-json\/wp\/v2\/comments?post=224"}],"version-history":[{"count":42,"href":"https:\/\/www.cdsonter.com\/fr\/wp-json\/wp\/v2\/pages\/224\/revisions"}],"predecessor-version":[{"id":4136,"href":"https:\/\/www.cdsonter.com\/fr\/wp-json\/wp\/v2\/pages\/224\/revisions\/4136"}],"up":[{"embeddable":true,"href":"https:\/\/www.cdsonter.com\/fr\/wp-json\/wp\/v2\/pages\/218"}],"wp:featuredmedia":[{"embeddable":true,"href":"https:\/\/www.cdsonter.com\/fr\/wp-json\/wp\/v2\/media\/1141"}],"wp:attachment":[{"href":"https:\/\/www.cdsonter.com\/fr\/wp-json\/wp\/v2\/media?parent=224"}],"curies":[{"name":"wp","href":"https:\/\/api.w.org\/{rel}","templated":true}]}}