{"id":4195,"date":"2024-09-16T08:50:45","date_gmt":"2024-09-16T12:50:45","guid":{"rendered":"https:\/\/www.cdsonter.com\/?page_id=4195"},"modified":"2024-09-16T09:02:38","modified_gmt":"2024-09-16T13:02:38","slug":"waste-and-recycling-bin-procurement","status":"publish","type":"page","link":"https:\/\/www.cdsonter.com\/fr\/solutions\/occupant-engagement\/waste-and-recycling-bin-procurement\/","title":{"rendered":"Acquisition de bacs de gestion des d\u00e9chets et de recyclage"},"content":{"rendered":"<p>[et_pb_section fb_built=&#8221;1&#8243; specialty=&#8221;on&#8221; _builder_version=&#8221;4.16&#8243; background_image=&#8221;https:\/\/www.cdsonter.com\/wp-content\/uploads\/2019\/12\/buildings-background-scaled.jpg&#8221; background_position=&#8221;top_center&#8221; width=&#8221;99.8%&#8221; custom_padding=&#8221;||170px||false|false&#8221; bottom_divider_style=&#8221;asymmetric4&#8243; bottom_divider_color=&#8221;#e9e9e9&#8243; locked=&#8221;off&#8221; global_colors_info=&#8221;{}&#8221; theme_builder_area=&#8221;post_content&#8221;][et_pb_column type=&#8221;3_4&#8243; specialty_columns=&#8221;3&#8243; _builder_version=&#8221;4.16&#8243; custom_padding=&#8221;|||&#8221; global_colors_info=&#8221;{}&#8221; custom_padding__hover=&#8221;|||&#8221; theme_builder_area=&#8221;post_content&#8221;][et_pb_row_inner _builder_version=&#8221;4.16&#8243; global_colors_info=&#8221;{}&#8221; theme_builder_area=&#8221;post_content&#8221;][et_pb_column_inner saved_specialty_column_type=&#8221;3_4&#8243; _builder_version=&#8221;4.0.9&#8243; global_colors_info=&#8221;{}&#8221; theme_builder_area=&#8221;post_content&#8221;][et_pb_text admin_label=&#8221;Text&#8221; _builder_version=&#8221;4.27.0&#8243; header_2_font_size=&#8221;42px&#8221; background_size=&#8221;initial&#8221; background_position=&#8221;top_left&#8221; background_repeat=&#8221;repeat&#8221; hover_enabled=&#8221;0&#8243; global_colors_info=&#8221;{}&#8221; theme_builder_area=&#8221;post_content&#8221; sticky_enabled=&#8221;0&#8243;]<\/p>\n<h2>Acquisition de bacs de gestion des d\u00e9chets et de recyclage<\/h2>\n<p>CD SONTER peut vous aider \u00e0 obtenir des bacs de gestion des d\u00e9chets et de recyclage de haute qualit\u00e9 pour votre site. Nous proposons les produits suivants :<\/p>\n<p>[\/et_pb_text][et_pb_text admin_label=&#8221;Text&#8221; _builder_version=&#8221;4.27.0&#8243; header_2_font_size=&#8221;42px&#8221; background_size=&#8221;initial&#8221; background_position=&#8221;top_left&#8221; background_repeat=&#8221;repeat&#8221; hover_enabled=&#8221;0&#8243; global_colors_info=&#8221;{}&#8221; theme_builder_area=&#8221;post_content&#8221; sticky_enabled=&#8221;0&#8243;]<\/p>\n<ul>\n<li>Bacs de recyclage et de mati\u00e8res organiques<\/li>\n<li>Conteneurs de d\u00e9chets<\/li>\n<li>Stations de d\u00e9p\u00f4t\/distribution<\/li>\n<li>Options pour bureaux ou centralis\u00e9es<\/li>\n<\/ul>\n<p>[\/et_pb_text][et_pb_text admin_label=&#8221;Text&#8221; _builder_version=&#8221;4.27.0&#8243; header_2_font_size=&#8221;42px&#8221; background_size=&#8221;initial&#8221; background_position=&#8221;top_left&#8221; background_repeat=&#8221;repeat&#8221; hover_enabled=&#8221;0&#8243; global_colors_info=&#8221;{}&#8221; theme_builder_area=&#8221;post_content&#8221; sticky_enabled=&#8221;0&#8243;]<\/p>\n<p>Les conteneurs peuvent \u00eatre personnalis\u00e9s pour r\u00e9pondre aux besoins de gestion des d\u00e9chets et de recyclage de votre site, tout en respectant vos exigences en mati\u00e8re de pr\u00e9sentation, de design et de fonctionnalit\u00e9. Nous offrons une large gamme de bacs, allant des mod\u00e8les autonomes aux options multi-flux. Nous collaborons \u00e9galement avec votre site pour concevoir des bacs sur mesure, y compris les sp\u00e9cifications de taille et de mat\u00e9riau.<\/p>\n<p><span style=\"font-weight: 400;\">Veuillez nous <\/span><a href=\"https:\/\/www.cdsonter.com\/fr\/contact\/\"><span style=\"font-weight: 400;\">contacter si vous<\/span><\/a><span style=\"font-weight: 400;\"> \u00eates int\u00e9ress\u00e9 par nos services d'acquisition de bacs de gestion des d\u00e9chets et de recyclage.<\/span><\/p>\n<p>[\/et_pb_text][\/et_pb_column_inner][\/et_pb_row_inner][\/et_pb_column][et_pb_column type=&#8221;1_4&#8243; _builder_version=&#8221;4.16&#8243; custom_padding=&#8221;|||&#8221; global_colors_info=&#8221;{}&#8221; custom_padding__hover=&#8221;|||&#8221; theme_builder_area=&#8221;post_content&#8221;][et_pb_sidebar area=&#8221;et_pb_widget_area_1&#8243; module_class=&#8221;sidebar-nav&#8221; _builder_version=&#8221;4.4.9&#8243; header_font=&#8221;|800||on|||||&#8221; header_text_color=&#8221;#98c3c9&#8243; header_font_size=&#8221;26px&#8221; body_font=&#8221;Poppins|||on|||||&#8221; body_text_color=&#8221;#1F4C6C&#8221; custom_margin=&#8221;||0px||false|false&#8221; custom_padding=&#8221;|0px||0px|false|true&#8221; border_color_all=&#8221;rgba(0,0,0,0)&#8221; global_module=&#8221;753&#8243; saved_tabs=&#8221;all&#8221; global_colors_info=&#8221;{}&#8221; theme_builder_area=&#8221;post_content&#8221;][\/et_pb_sidebar][et_pb_cta title=&#8221;Have a question or need a quote?&#8221; button_url=&#8221;@ET-DC@eyJkeW5hbWljIjp0cnVlLCJjb250ZW50IjoicG9zdF9saW5rX3VybF9wYWdlIiwic2V0dGluZ3MiOnsicG9zdF9pZCI6IjIyNiJ9fQ==@&#8221; button_text=&#8221;Talk to Us&#8221; disabled_on=&#8221;off|off|off&#8221; module_class=&#8221;sidebar-cta&#8221; _builder_version=&#8221;4.9.7&#8243; _dynamic_attributes=&#8221;button_url&#8221; header_level=&#8221;h3&#8243; header_font=&#8221;|800||on|||||&#8221; header_text_color=&#8221;#98C3C9&#8243; header_font_size=&#8221;18px&#8221; header_line_height=&#8221;1.2em&#8221; body_font=&#8221;|600|||||||&#8221; body_text_color=&#8221;#767676&#8243; background_color=&#8221;rgba(233,233,233,0.8)&#8221; custom_button=&#8221;on&#8221; button_text_color=&#8221;#FFFFFF&#8221; button_bg_color=&#8221;#98C3C9&#8243; button_alignment=&#8221;center&#8221; custom_padding=&#8221;30px|20px|30px|20px|true|true&#8221; custom_css_promo_description=&#8221;padding-bottom: 5px;&#8221; custom_css_promo_button=&#8221;font-weight: 500;||line-height: 1.7em;&#8221; border_width_top=&#8221;2px&#8221; border_color_top=&#8221;#cd3335&#8243; global_module=&#8221;337&#8243; saved_tabs=&#8221;all&#8221; global_colors_info=&#8221;{}&#8221; theme_builder_area=&#8221;post_content&#8221;][\/et_pb_cta][\/et_pb_column][\/et_pb_section]<\/p>","protected":false},"excerpt":{"rendered":"<p>Waste and Recycling Bin Procurement CD SONTER can assist in procuring high-quality waste and recycling bins for your site. Our offerings include: Recycling &#038; Organics Bins Waste Containers Disposal\/Dispensing Stations Deskside or Centralized Options The containers can be customized to meet your site&#8217;s waste and recycling needs while aligning with your requirements for presentation, design, [&hellip;]<\/p>","protected":false},"author":1,"featured_media":0,"parent":113,"menu_order":0,"comment_status":"closed","ping_status":"closed","template":"","meta":{"_et_pb_use_builder":"on","_et_pb_old_content":"","_et_gb_content_width":"","footnotes":""},"class_list":["post-4195","page","type-page","status-publish","hentry"],"yoast_head":"<!-- This site is optimized with the Yoast SEO plugin v27.1.1 - https:\/\/yoast.com\/product\/yoast-seo-wordpress\/ -->\n<title>Waste and Recycling Bin Procurement - CD Sonter Ltd.<\/title>\n<meta name=\"robots\" content=\"index, follow, max-snippet:-1, max-image-preview:large, max-video-preview:-1\" \/>\n<link rel=\"canonical\" href=\"https:\/\/www.cdsonter.com\/fr\/solutions\/occupant-engagement\/waste-and-recycling-bin-procurement\/\" \/>\n<meta property=\"og:locale\" content=\"fr_CA\" \/>\n<meta property=\"og:type\" content=\"article\" \/>\n<meta property=\"og:title\" content=\"Waste and Recycling Bin Procurement - CD Sonter Ltd.\" \/>\n<meta property=\"og:description\" content=\"Waste and Recycling Bin Procurement CD SONTER can assist in procuring high-quality waste and recycling bins for your site. Our offerings include: Recycling &amp; Organics Bins Waste Containers Disposal\/Dispensing Stations Deskside or Centralized Options The containers can be customized to meet your site&#039;s waste and recycling needs while aligning with your requirements for presentation, design, [&hellip;]\" \/>\n<meta property=\"og:url\" content=\"https:\/\/www.cdsonter.com\/fr\/solutions\/occupant-engagement\/waste-and-recycling-bin-procurement\/\" \/>\n<meta property=\"og:site_name\" content=\"CD Sonter Ltd.\" \/>\n<meta property=\"article:modified_time\" content=\"2024-09-16T13:02:38+00:00\" \/>\n<meta property=\"og:image\" content=\"https:\/\/www.cdsonter.com\/wp-content\/uploads\/2020\/08\/cdsonter_com_website.png\" \/>\n\t<meta property=\"og:image:width\" content=\"1562\" \/>\n\t<meta property=\"og:image:height\" content=\"760\" \/>\n\t<meta property=\"og:image:type\" content=\"image\/png\" \/>\n<meta name=\"twitter:card\" content=\"summary_large_image\" \/>\n<meta name=\"twitter:site\" content=\"@CDSONTER\" \/>\n<script type=\"application\/ld+json\" class=\"yoast-schema-graph\">{\"@context\":\"https:\/\/schema.org\",\"@graph\":[{\"@type\":\"WebPage\",\"@id\":\"https:\/\/www.cdsonter.com\/fr\/solutions\/occupant-engagement\/waste-and-recycling-bin-procurement\/\",\"url\":\"https:\/\/www.cdsonter.com\/fr\/solutions\/occupant-engagement\/waste-and-recycling-bin-procurement\/\",\"name\":\"Waste and Recycling Bin Procurement - CD Sonter Ltd.\",\"isPartOf\":{\"@id\":\"https:\/\/www.cdsonter.com\/#website\"},\"datePublished\":\"2024-09-16T12:50:45+00:00\",\"dateModified\":\"2024-09-16T13:02:38+00:00\",\"breadcrumb\":{\"@id\":\"https:\/\/www.cdsonter.com\/fr\/solutions\/occupant-engagement\/waste-and-recycling-bin-procurement\/#breadcrumb\"},\"inLanguage\":\"fr-CA\",\"potentialAction\":[{\"@type\":\"ReadAction\",\"target\":[\"https:\/\/www.cdsonter.com\/fr\/solutions\/occupant-engagement\/waste-and-recycling-bin-procurement\/\"]}]},{\"@type\":\"BreadcrumbList\",\"@id\":\"https:\/\/www.cdsonter.com\/fr\/solutions\/occupant-engagement\/waste-and-recycling-bin-procurement\/#breadcrumb\",\"itemListElement\":[{\"@type\":\"ListItem\",\"position\":1,\"name\":\"Home\",\"item\":\"https:\/\/www.cdsonter.com\/fr\/\"},{\"@type\":\"ListItem\",\"position\":2,\"name\":\"Solutions\",\"item\":\"https:\/\/www.cdsonter.com\/fr\/solutions\/\"},{\"@type\":\"ListItem\",\"position\":3,\"name\":\"Occupant Engagement\",\"item\":\"https:\/\/www.cdsonter.com\/fr\/solutions\/occupant-engagement\/\"},{\"@type\":\"ListItem\",\"position\":4,\"name\":\"Waste and Recycling Bin Procurement\"}]},{\"@type\":\"WebSite\",\"@id\":\"https:\/\/www.cdsonter.com\/#website\",\"url\":\"https:\/\/www.cdsonter.com\/\",\"name\":\"CD Sonter Ltd.\",\"description\":\"Environmental Consultants\",\"publisher\":{\"@id\":\"https:\/\/www.cdsonter.com\/#organization\"},\"potentialAction\":[{\"@type\":\"SearchAction\",\"target\":{\"@type\":\"EntryPoint\",\"urlTemplate\":\"https:\/\/www.cdsonter.com\/?s={search_term_string}\"},\"query-input\":{\"@type\":\"PropertyValueSpecification\",\"valueRequired\":true,\"valueName\":\"search_term_string\"}}],\"inLanguage\":\"fr-CA\"},{\"@type\":\"Organization\",\"@id\":\"https:\/\/www.cdsonter.com\/#organization\",\"name\":\"CD Sonter\",\"url\":\"https:\/\/www.cdsonter.com\/\",\"logo\":{\"@type\":\"ImageObject\",\"inLanguage\":\"fr-CA\",\"@id\":\"https:\/\/www.cdsonter.com\/#\/schema\/logo\/image\/\",\"url\":\"https:\/\/www.cdsonter.com\/wp-content\/uploads\/2020\/02\/cd-sonter-logo-rev.svg\",\"contentUrl\":\"https:\/\/www.cdsonter.com\/wp-content\/uploads\/2020\/02\/cd-sonter-logo-rev.svg\",\"width\":1,\"height\":1,\"caption\":\"CD Sonter\"},\"image\":{\"@id\":\"https:\/\/www.cdsonter.com\/#\/schema\/logo\/image\/\"},\"sameAs\":[\"https:\/\/x.com\/CDSONTER\",\"https:\/\/www.linkedin.com\/company\/cd-sonter-ltd\"]}]}<\/script>\n<!-- \/ Yoast SEO plugin. -->","yoast_head_json":{"title":"Waste and Recycling Bin Procurement - CD Sonter Ltd.","robots":{"index":"index","follow":"follow","max-snippet":"max-snippet:-1","max-image-preview":"max-image-preview:large","max-video-preview":"max-video-preview:-1"},"canonical":"https:\/\/www.cdsonter.com\/fr\/solutions\/occupant-engagement\/waste-and-recycling-bin-procurement\/","og_locale":"fr_CA","og_type":"article","og_title":"Waste and Recycling Bin Procurement - CD Sonter Ltd.","og_description":"Waste and Recycling Bin Procurement CD SONTER can assist in procuring high-quality waste and recycling bins for your site. Our offerings include: Recycling & Organics Bins Waste Containers Disposal\/Dispensing Stations Deskside or Centralized Options The containers can be customized to meet your site's waste and recycling needs while aligning with your requirements for presentation, design, [&hellip;]","og_url":"https:\/\/www.cdsonter.com\/fr\/solutions\/occupant-engagement\/waste-and-recycling-bin-procurement\/","og_site_name":"CD Sonter Ltd.","article_modified_time":"2024-09-16T13:02:38+00:00","og_image":[{"width":1562,"height":760,"url":"https:\/\/www.cdsonter.com\/wp-content\/uploads\/2020\/08\/cdsonter_com_website.png","type":"image\/png"}],"twitter_card":"summary_large_image","twitter_site":"@CDSONTER","schema":{"@context":"https:\/\/schema.org","@graph":[{"@type":"WebPage","@id":"https:\/\/www.cdsonter.com\/fr\/solutions\/occupant-engagement\/waste-and-recycling-bin-procurement\/","url":"https:\/\/www.cdsonter.com\/fr\/solutions\/occupant-engagement\/waste-and-recycling-bin-procurement\/","name":"Waste and Recycling Bin Procurement - CD Sonter Ltd.","isPartOf":{"@id":"https:\/\/www.cdsonter.com\/#website"},"datePublished":"2024-09-16T12:50:45+00:00","dateModified":"2024-09-16T13:02:38+00:00","breadcrumb":{"@id":"https:\/\/www.cdsonter.com\/fr\/solutions\/occupant-engagement\/waste-and-recycling-bin-procurement\/#breadcrumb"},"inLanguage":"fr-CA","potentialAction":[{"@type":"ReadAction","target":["https:\/\/www.cdsonter.com\/fr\/solutions\/occupant-engagement\/waste-and-recycling-bin-procurement\/"]}]},{"@type":"BreadcrumbList","@id":"https:\/\/www.cdsonter.com\/fr\/solutions\/occupant-engagement\/waste-and-recycling-bin-procurement\/#breadcrumb","itemListElement":[{"@type":"ListItem","position":1,"name":"Home","item":"https:\/\/www.cdsonter.com\/fr\/"},{"@type":"ListItem","position":2,"name":"Solutions","item":"https:\/\/www.cdsonter.com\/fr\/solutions\/"},{"@type":"ListItem","position":3,"name":"Occupant Engagement","item":"https:\/\/www.cdsonter.com\/fr\/solutions\/occupant-engagement\/"},{"@type":"ListItem","position":4,"name":"Waste and Recycling Bin Procurement"}]},{"@type":"WebSite","@id":"https:\/\/www.cdsonter.com\/#website","url":"https:\/\/www.cdsonter.com\/","name":"CD Sonter Ltd.","description":"Environmental Consultants","publisher":{"@id":"https:\/\/www.cdsonter.com\/#organization"},"potentialAction":[{"@type":"SearchAction","target":{"@type":"EntryPoint","urlTemplate":"https:\/\/www.cdsonter.com\/?s={search_term_string}"},"query-input":{"@type":"PropertyValueSpecification","valueRequired":true,"valueName":"search_term_string"}}],"inLanguage":"fr-CA"},{"@type":"Organization","@id":"https:\/\/www.cdsonter.com\/#organization","name":"CD Sonter","url":"https:\/\/www.cdsonter.com\/","logo":{"@type":"ImageObject","inLanguage":"fr-CA","@id":"https:\/\/www.cdsonter.com\/#\/schema\/logo\/image\/","url":"https:\/\/www.cdsonter.com\/wp-content\/uploads\/2020\/02\/cd-sonter-logo-rev.svg","contentUrl":"https:\/\/www.cdsonter.com\/wp-content\/uploads\/2020\/02\/cd-sonter-logo-rev.svg","width":1,"height":1,"caption":"CD Sonter"},"image":{"@id":"https:\/\/www.cdsonter.com\/#\/schema\/logo\/image\/"},"sameAs":["https:\/\/x.com\/CDSONTER","https:\/\/www.linkedin.com\/company\/cd-sonter-ltd"]}]}},"_links":{"self":[{"href":"https:\/\/www.cdsonter.com\/fr\/wp-json\/wp\/v2\/pages\/4195","targetHints":{"allow":["GET"]}}],"collection":[{"href":"https:\/\/www.cdsonter.com\/fr\/wp-json\/wp\/v2\/pages"}],"about":[{"href":"https:\/\/www.cdsonter.com\/fr\/wp-json\/wp\/v2\/types\/page"}],"author":[{"embeddable":true,"href":"https:\/\/www.cdsonter.com\/fr\/wp-json\/wp\/v2\/users\/1"}],"replies":[{"embeddable":true,"href":"https:\/\/www.cdsonter.com\/fr\/wp-json\/wp\/v2\/comments?post=4195"}],"version-history":[{"count":3,"href":"https:\/\/www.cdsonter.com\/fr\/wp-json\/wp\/v2\/pages\/4195\/revisions"}],"predecessor-version":[{"id":4205,"href":"https:\/\/www.cdsonter.com\/fr\/wp-json\/wp\/v2\/pages\/4195\/revisions\/4205"}],"up":[{"embeddable":true,"href":"https:\/\/www.cdsonter.com\/fr\/wp-json\/wp\/v2\/pages\/113"}],"wp:attachment":[{"href":"https:\/\/www.cdsonter.com\/fr\/wp-json\/wp\/v2\/media?parent=4195"}],"curies":[{"name":"wp","href":"https:\/\/api.w.org\/{rel}","templated":true}]}}