{"id":4197,"date":"2024-09-16T08:51:23","date_gmt":"2024-09-16T12:51:23","guid":{"rendered":"https:\/\/www.cdsonter.com\/?page_id=4197"},"modified":"2024-09-16T09:05:12","modified_gmt":"2024-09-16T13:05:12","slug":"waste-and-recycling-signage-design","status":"publish","type":"page","link":"https:\/\/www.cdsonter.com\/fr\/solutions\/occupant-engagement\/waste-and-recycling-signage-design\/","title":{"rendered":"Conception de panneaux pour la gestion des d\u00e9chets et le recyclage"},"content":{"rendered":"<p>[et_pb_section fb_built=&#8221;1&#8243; specialty=&#8221;on&#8221; _builder_version=&#8221;4.16&#8243; background_image=&#8221;https:\/\/www.cdsonter.com\/wp-content\/uploads\/2019\/12\/buildings-background-scaled.jpg&#8221; background_position=&#8221;top_center&#8221; width=&#8221;99.8%&#8221; custom_padding=&#8221;||170px||false|false&#8221; bottom_divider_style=&#8221;asymmetric4&#8243; bottom_divider_color=&#8221;#e9e9e9&#8243; locked=&#8221;off&#8221; global_colors_info=&#8221;{}&#8221; theme_builder_area=&#8221;post_content&#8221;][et_pb_column type=&#8221;3_4&#8243; specialty_columns=&#8221;3&#8243; _builder_version=&#8221;4.16&#8243; custom_padding=&#8221;|||&#8221; global_colors_info=&#8221;{}&#8221; custom_padding__hover=&#8221;|||&#8221; theme_builder_area=&#8221;post_content&#8221;][et_pb_row_inner _builder_version=&#8221;4.16&#8243; global_colors_info=&#8221;{}&#8221; theme_builder_area=&#8221;post_content&#8221;][et_pb_column_inner saved_specialty_column_type=&#8221;3_4&#8243; _builder_version=&#8221;4.0.9&#8243; global_colors_info=&#8221;{}&#8221; theme_builder_area=&#8221;post_content&#8221;][et_pb_text admin_label=&#8221;Text&#8221; _builder_version=&#8221;4.27.0&#8243; header_2_font_size=&#8221;42px&#8221; background_size=&#8221;initial&#8221; background_position=&#8221;top_left&#8221; background_repeat=&#8221;repeat&#8221; global_colors_info=&#8221;{}&#8221; theme_builder_area=&#8221;post_content&#8221;]<\/p>\n<h2><b>Conception de panneaux pour la gestion des d\u00e9chets et le recyclage<\/b><\/h2>\n<p><span style=\"font-weight: 400;\">CD SONTER peut vous aider \u00e0 concevoir des panneaux personnalis\u00e9s conformes \u00e0 votre marque, adapt\u00e9s aux crit\u00e8res de votre site. Ces panneaux peuvent \u00eatre install\u00e9s dans les d\u00e9p\u00f4ts de d\u00e9chets et de recyclage \u00e0 l'arri\u00e8re de la maison, dans les espaces communs, et distribu\u00e9s aux locataires pour une utilisation dans leurs unit\u00e9s.<\/span><span style=\"font-weight: 400;\"><\/span><\/p>\n<p><span style=\"font-weight: 400;\">Our standardized signage designs incorporate consistent colors, fonts, language, and other design elements to ensure all signage is easily recognizable throughout your site. This consistency enhances program visibility and encourages greater participation in recycling initiatives.<\/span><\/p>\n<p><span style=\"font-weight: 400;\">Associ\u00e9e \u00e0 une formation pour les occupants du b\u00e2timent, la signalisation renforcera les \u00e9l\u00e9ments accept\u00e9s dans les programmes de gestion des d\u00e9chets et de recyclage. Elle servira \u00e9galement de guide utile pour les nouveaux employ\u00e9s ou les personnes n'ayant pas re\u00e7u de formation formelle.<\/span><\/p>\n<p><span style=\"font-weight: 400;\">Veuillez nous <a href=\"https:\/\/www.cdsonter.com\/fr\/contact\/\">contacter si vous<\/a> si vous \u00eates int\u00e9ress\u00e9 par nos services de conception de panneaux pour la gestion des d\u00e9chets et le recyclage.<\/span><\/p>\n<p>[\/et_pb_text][\/et_pb_column_inner][\/et_pb_row_inner][\/et_pb_column][et_pb_column type=&#8221;1_4&#8243; _builder_version=&#8221;4.16&#8243; custom_padding=&#8221;|||&#8221; global_colors_info=&#8221;{}&#8221; custom_padding__hover=&#8221;|||&#8221; theme_builder_area=&#8221;post_content&#8221;][et_pb_sidebar area=&#8221;et_pb_widget_area_1&#8243; module_class=&#8221;sidebar-nav&#8221; _builder_version=&#8221;4.4.9&#8243; header_font=&#8221;|800||on|||||&#8221; header_text_color=&#8221;#98c3c9&#8243; header_font_size=&#8221;26px&#8221; body_font=&#8221;Poppins|||on|||||&#8221; body_text_color=&#8221;#1F4C6C&#8221; custom_margin=&#8221;||0px||false|false&#8221; custom_padding=&#8221;|0px||0px|false|true&#8221; border_color_all=&#8221;rgba(0,0,0,0)&#8221; global_module=&#8221;753&#8243; saved_tabs=&#8221;all&#8221; global_colors_info=&#8221;{}&#8221; theme_builder_area=&#8221;post_content&#8221;][\/et_pb_sidebar][et_pb_cta title=&#8221;Have a question or need a quote?&#8221; button_url=&#8221;@ET-DC@eyJkeW5hbWljIjp0cnVlLCJjb250ZW50IjoicG9zdF9saW5rX3VybF9wYWdlIiwic2V0dGluZ3MiOnsicG9zdF9pZCI6IjIyNiJ9fQ==@&#8221; button_text=&#8221;Talk to Us&#8221; disabled_on=&#8221;off|off|off&#8221; module_class=&#8221;sidebar-cta&#8221; _builder_version=&#8221;4.9.7&#8243; _dynamic_attributes=&#8221;button_url&#8221; header_level=&#8221;h3&#8243; header_font=&#8221;|800||on|||||&#8221; header_text_color=&#8221;#98C3C9&#8243; header_font_size=&#8221;18px&#8221; header_line_height=&#8221;1.2em&#8221; body_font=&#8221;|600|||||||&#8221; body_text_color=&#8221;#767676&#8243; background_color=&#8221;rgba(233,233,233,0.8)&#8221; custom_button=&#8221;on&#8221; button_text_color=&#8221;#FFFFFF&#8221; button_bg_color=&#8221;#98C3C9&#8243; button_alignment=&#8221;center&#8221; custom_padding=&#8221;30px|20px|30px|20px|true|true&#8221; custom_css_promo_description=&#8221;padding-bottom: 5px;&#8221; custom_css_promo_button=&#8221;font-weight: 500;||line-height: 1.7em;&#8221; border_width_top=&#8221;2px&#8221; border_color_top=&#8221;#cd3335&#8243; global_module=&#8221;337&#8243; saved_tabs=&#8221;all&#8221; global_colors_info=&#8221;{}&#8221; theme_builder_area=&#8221;post_content&#8221;][\/et_pb_cta][\/et_pb_column][\/et_pb_section]<\/p>","protected":false},"excerpt":{"rendered":"<p>Waste and Recycling Signage Design CD SONTER can assist in designing custom, brand-compliant waste and recycling signage tailored to your site&#8217;s criteria. This signage can be posted in back-of-house waste and recycling depots, common areas, and distributed to tenants for use in their units. Our standardized signage designs incorporate consistent colors, fonts, language, and other [&hellip;]<\/p>","protected":false},"author":1,"featured_media":0,"parent":113,"menu_order":0,"comment_status":"closed","ping_status":"closed","template":"","meta":{"_et_pb_use_builder":"on","_et_pb_old_content":"<!-- wp:paragraph -->\n<p>CD SONTER can assist in designing custom, brand-compliant waste and recycling signage tailored to your site's criteria. This signage can be posted in back-of-house waste and recycling depots, common areas, and distributed to tenants for use in their units.<\/p>\n<!-- \/wp:paragraph -->\n\n<!-- wp:paragraph -->\n<p>Our standardized signage designs incorporate consistent colors, fonts, language, and other design elements to ensure all signage is easily recognizable throughout your site. This consistency enhances program visibility and encourages greater participation in recycling initiatives.<\/p>\n<!-- \/wp:paragraph -->\n\n<!-- wp:paragraph -->\n<p>When paired with training for building occupants, the signage will reinforce the items accepted in the waste and recycling programs. It will also serve as a helpful guide for new employees or individuals who have not received formal training. Please <a href=\"https:\/\/www.cdsonter.com\/contact\/\">contact us<\/a> if you are interested in our Waste and Recycling Signage Design services.<\/p>\n<!-- \/wp:paragraph -->","_et_gb_content_width":"","footnotes":""},"class_list":["post-4197","page","type-page","status-publish","hentry"],"yoast_head":"<!-- This site is optimized with the Yoast SEO plugin v27.1.1 - https:\/\/yoast.com\/product\/yoast-seo-wordpress\/ -->\n<title>Waste and Recycling Signage Design - CD Sonter Ltd.<\/title>\n<meta name=\"robots\" content=\"index, follow, max-snippet:-1, max-image-preview:large, max-video-preview:-1\" \/>\n<link rel=\"canonical\" href=\"https:\/\/www.cdsonter.com\/fr\/solutions\/occupant-engagement\/waste-and-recycling-signage-design\/\" \/>\n<meta property=\"og:locale\" content=\"fr_CA\" \/>\n<meta property=\"og:type\" content=\"article\" \/>\n<meta property=\"og:title\" content=\"Waste and Recycling Signage Design - CD Sonter Ltd.\" \/>\n<meta property=\"og:description\" content=\"Waste and Recycling Signage Design CD SONTER can assist in designing custom, brand-compliant waste and recycling signage tailored to your site&#039;s criteria. This signage can be posted in back-of-house waste and recycling depots, common areas, and distributed to tenants for use in their units. Our standardized signage designs incorporate consistent colors, fonts, language, and other [&hellip;]\" \/>\n<meta property=\"og:url\" content=\"https:\/\/www.cdsonter.com\/fr\/solutions\/occupant-engagement\/waste-and-recycling-signage-design\/\" \/>\n<meta property=\"og:site_name\" content=\"CD Sonter Ltd.\" \/>\n<meta property=\"article:modified_time\" content=\"2024-09-16T13:05:12+00:00\" \/>\n<meta property=\"og:image\" content=\"https:\/\/www.cdsonter.com\/wp-content\/uploads\/2020\/08\/cdsonter_com_website.png\" \/>\n\t<meta property=\"og:image:width\" content=\"1562\" \/>\n\t<meta property=\"og:image:height\" content=\"760\" \/>\n\t<meta property=\"og:image:type\" content=\"image\/png\" \/>\n<meta name=\"twitter:card\" content=\"summary_large_image\" \/>\n<meta name=\"twitter:site\" content=\"@CDSONTER\" \/>\n<meta name=\"twitter:label1\" content=\"Estimation du temps de lecture\" \/>\n\t<meta name=\"twitter:data1\" content=\"1 minute\" \/>\n<script type=\"application\/ld+json\" class=\"yoast-schema-graph\">{\"@context\":\"https:\/\/schema.org\",\"@graph\":[{\"@type\":\"WebPage\",\"@id\":\"https:\/\/www.cdsonter.com\/fr\/solutions\/occupant-engagement\/waste-and-recycling-signage-design\/\",\"url\":\"https:\/\/www.cdsonter.com\/fr\/solutions\/occupant-engagement\/waste-and-recycling-signage-design\/\",\"name\":\"Waste and Recycling Signage Design - CD Sonter Ltd.\",\"isPartOf\":{\"@id\":\"https:\/\/www.cdsonter.com\/#website\"},\"datePublished\":\"2024-09-16T12:51:23+00:00\",\"dateModified\":\"2024-09-16T13:05:12+00:00\",\"breadcrumb\":{\"@id\":\"https:\/\/www.cdsonter.com\/fr\/solutions\/occupant-engagement\/waste-and-recycling-signage-design\/#breadcrumb\"},\"inLanguage\":\"fr-CA\",\"potentialAction\":[{\"@type\":\"ReadAction\",\"target\":[\"https:\/\/www.cdsonter.com\/fr\/solutions\/occupant-engagement\/waste-and-recycling-signage-design\/\"]}]},{\"@type\":\"BreadcrumbList\",\"@id\":\"https:\/\/www.cdsonter.com\/fr\/solutions\/occupant-engagement\/waste-and-recycling-signage-design\/#breadcrumb\",\"itemListElement\":[{\"@type\":\"ListItem\",\"position\":1,\"name\":\"Home\",\"item\":\"https:\/\/www.cdsonter.com\/fr\/\"},{\"@type\":\"ListItem\",\"position\":2,\"name\":\"Solutions\",\"item\":\"https:\/\/www.cdsonter.com\/fr\/solutions\/\"},{\"@type\":\"ListItem\",\"position\":3,\"name\":\"Occupant Engagement\",\"item\":\"https:\/\/www.cdsonter.com\/fr\/solutions\/occupant-engagement\/\"},{\"@type\":\"ListItem\",\"position\":4,\"name\":\"Waste and Recycling Signage Design\"}]},{\"@type\":\"WebSite\",\"@id\":\"https:\/\/www.cdsonter.com\/#website\",\"url\":\"https:\/\/www.cdsonter.com\/\",\"name\":\"CD Sonter Ltd.\",\"description\":\"Environmental Consultants\",\"publisher\":{\"@id\":\"https:\/\/www.cdsonter.com\/#organization\"},\"potentialAction\":[{\"@type\":\"SearchAction\",\"target\":{\"@type\":\"EntryPoint\",\"urlTemplate\":\"https:\/\/www.cdsonter.com\/?s={search_term_string}\"},\"query-input\":{\"@type\":\"PropertyValueSpecification\",\"valueRequired\":true,\"valueName\":\"search_term_string\"}}],\"inLanguage\":\"fr-CA\"},{\"@type\":\"Organization\",\"@id\":\"https:\/\/www.cdsonter.com\/#organization\",\"name\":\"CD Sonter\",\"url\":\"https:\/\/www.cdsonter.com\/\",\"logo\":{\"@type\":\"ImageObject\",\"inLanguage\":\"fr-CA\",\"@id\":\"https:\/\/www.cdsonter.com\/#\/schema\/logo\/image\/\",\"url\":\"https:\/\/www.cdsonter.com\/wp-content\/uploads\/2020\/02\/cd-sonter-logo-rev.svg\",\"contentUrl\":\"https:\/\/www.cdsonter.com\/wp-content\/uploads\/2020\/02\/cd-sonter-logo-rev.svg\",\"width\":1,\"height\":1,\"caption\":\"CD Sonter\"},\"image\":{\"@id\":\"https:\/\/www.cdsonter.com\/#\/schema\/logo\/image\/\"},\"sameAs\":[\"https:\/\/x.com\/CDSONTER\",\"https:\/\/www.linkedin.com\/company\/cd-sonter-ltd\"]}]}<\/script>\n<!-- \/ Yoast SEO plugin. -->","yoast_head_json":{"title":"Waste and Recycling Signage Design - CD Sonter Ltd.","robots":{"index":"index","follow":"follow","max-snippet":"max-snippet:-1","max-image-preview":"max-image-preview:large","max-video-preview":"max-video-preview:-1"},"canonical":"https:\/\/www.cdsonter.com\/fr\/solutions\/occupant-engagement\/waste-and-recycling-signage-design\/","og_locale":"fr_CA","og_type":"article","og_title":"Waste and Recycling Signage Design - CD Sonter Ltd.","og_description":"Waste and Recycling Signage Design CD SONTER can assist in designing custom, brand-compliant waste and recycling signage tailored to your site's criteria. This signage can be posted in back-of-house waste and recycling depots, common areas, and distributed to tenants for use in their units. Our standardized signage designs incorporate consistent colors, fonts, language, and other [&hellip;]","og_url":"https:\/\/www.cdsonter.com\/fr\/solutions\/occupant-engagement\/waste-and-recycling-signage-design\/","og_site_name":"CD Sonter Ltd.","article_modified_time":"2024-09-16T13:05:12+00:00","og_image":[{"width":1562,"height":760,"url":"https:\/\/www.cdsonter.com\/wp-content\/uploads\/2020\/08\/cdsonter_com_website.png","type":"image\/png"}],"twitter_card":"summary_large_image","twitter_site":"@CDSONTER","twitter_misc":{"Estimation du temps de lecture":"1 minute"},"schema":{"@context":"https:\/\/schema.org","@graph":[{"@type":"WebPage","@id":"https:\/\/www.cdsonter.com\/fr\/solutions\/occupant-engagement\/waste-and-recycling-signage-design\/","url":"https:\/\/www.cdsonter.com\/fr\/solutions\/occupant-engagement\/waste-and-recycling-signage-design\/","name":"Waste and Recycling Signage Design - CD Sonter Ltd.","isPartOf":{"@id":"https:\/\/www.cdsonter.com\/#website"},"datePublished":"2024-09-16T12:51:23+00:00","dateModified":"2024-09-16T13:05:12+00:00","breadcrumb":{"@id":"https:\/\/www.cdsonter.com\/fr\/solutions\/occupant-engagement\/waste-and-recycling-signage-design\/#breadcrumb"},"inLanguage":"fr-CA","potentialAction":[{"@type":"ReadAction","target":["https:\/\/www.cdsonter.com\/fr\/solutions\/occupant-engagement\/waste-and-recycling-signage-design\/"]}]},{"@type":"BreadcrumbList","@id":"https:\/\/www.cdsonter.com\/fr\/solutions\/occupant-engagement\/waste-and-recycling-signage-design\/#breadcrumb","itemListElement":[{"@type":"ListItem","position":1,"name":"Home","item":"https:\/\/www.cdsonter.com\/fr\/"},{"@type":"ListItem","position":2,"name":"Solutions","item":"https:\/\/www.cdsonter.com\/fr\/solutions\/"},{"@type":"ListItem","position":3,"name":"Occupant Engagement","item":"https:\/\/www.cdsonter.com\/fr\/solutions\/occupant-engagement\/"},{"@type":"ListItem","position":4,"name":"Waste and Recycling Signage Design"}]},{"@type":"WebSite","@id":"https:\/\/www.cdsonter.com\/#website","url":"https:\/\/www.cdsonter.com\/","name":"CD Sonter Ltd.","description":"Environmental Consultants","publisher":{"@id":"https:\/\/www.cdsonter.com\/#organization"},"potentialAction":[{"@type":"SearchAction","target":{"@type":"EntryPoint","urlTemplate":"https:\/\/www.cdsonter.com\/?s={search_term_string}"},"query-input":{"@type":"PropertyValueSpecification","valueRequired":true,"valueName":"search_term_string"}}],"inLanguage":"fr-CA"},{"@type":"Organization","@id":"https:\/\/www.cdsonter.com\/#organization","name":"CD Sonter","url":"https:\/\/www.cdsonter.com\/","logo":{"@type":"ImageObject","inLanguage":"fr-CA","@id":"https:\/\/www.cdsonter.com\/#\/schema\/logo\/image\/","url":"https:\/\/www.cdsonter.com\/wp-content\/uploads\/2020\/02\/cd-sonter-logo-rev.svg","contentUrl":"https:\/\/www.cdsonter.com\/wp-content\/uploads\/2020\/02\/cd-sonter-logo-rev.svg","width":1,"height":1,"caption":"CD Sonter"},"image":{"@id":"https:\/\/www.cdsonter.com\/#\/schema\/logo\/image\/"},"sameAs":["https:\/\/x.com\/CDSONTER","https:\/\/www.linkedin.com\/company\/cd-sonter-ltd"]}]}},"_links":{"self":[{"href":"https:\/\/www.cdsonter.com\/fr\/wp-json\/wp\/v2\/pages\/4197","targetHints":{"allow":["GET"]}}],"collection":[{"href":"https:\/\/www.cdsonter.com\/fr\/wp-json\/wp\/v2\/pages"}],"about":[{"href":"https:\/\/www.cdsonter.com\/fr\/wp-json\/wp\/v2\/types\/page"}],"author":[{"embeddable":true,"href":"https:\/\/www.cdsonter.com\/fr\/wp-json\/wp\/v2\/users\/1"}],"replies":[{"embeddable":true,"href":"https:\/\/www.cdsonter.com\/fr\/wp-json\/wp\/v2\/comments?post=4197"}],"version-history":[{"count":5,"href":"https:\/\/www.cdsonter.com\/fr\/wp-json\/wp\/v2\/pages\/4197\/revisions"}],"predecessor-version":[{"id":4208,"href":"https:\/\/www.cdsonter.com\/fr\/wp-json\/wp\/v2\/pages\/4197\/revisions\/4208"}],"up":[{"embeddable":true,"href":"https:\/\/www.cdsonter.com\/fr\/wp-json\/wp\/v2\/pages\/113"}],"wp:attachment":[{"href":"https:\/\/www.cdsonter.com\/fr\/wp-json\/wp\/v2\/media?parent=4197"}],"curies":[{"name":"wp","href":"https:\/\/api.w.org\/{rel}","templated":true}]}}