{"id":4218,"date":"2024-11-11T11:21:48","date_gmt":"2024-11-11T16:21:48","guid":{"rendered":"https:\/\/www.cdsonter.com\/?page_id=4218"},"modified":"2024-12-03T08:49:11","modified_gmt":"2024-12-03T13:49:11","slug":"on-demand-training-courses","status":"publish","type":"page","link":"https:\/\/www.cdsonter.com\/fr\/solutions\/education-training\/on-demand-training-courses\/","title":{"rendered":"Cours de formation \u00e0 la demande (Conformes \u00e0 BOMA BEST\u00ae 4.1)"},"content":{"rendered":"<p>Les cours de formation \u00e0 la demande de CD SONTER offrent aux membres de l\u2019\u00e9quipe de gestion immobili\u00e8re un acc\u00e8s aux informations essentielles sur des sujets cl\u00e9s en mati\u00e8re de durabilit\u00e9, notamment :<\/p>\n\n\n\n<ol class=\"wp-block-list\">\n<li><a href=\"https:\/\/cdsonter.gumroad.com\/l\/BOMABESTEnergy\">\u00c9nergie &amp; Carbone<\/a><\/li>\n\n\n\n<li><a href=\"https:\/\/cdsonter.gumroad.com\/l\/BOMABESTWater\">Eau<\/a><\/li>\n\n\n\n<li><a href=\"https:\/\/cdsonter.gumroad.com\/l\/BOMABESTIAQHazards\">QAI &amp; Risques<\/a><\/li>\n\n\n\n<li><a href=\"https:\/\/cdsonter.gumroad.com\/l\/BOMABESTAccessibility\">Accessibilit\u00e9 &amp; Bien-\u00eatre<\/a><\/li>\n\n\n\n<li><a href=\"https:\/\/cdsonter.gumroad.com\/l\/BOMABESTCustodialWaste\">Entretien &amp; D\u00e9chets<\/a><\/li>\n\n\n\n<li><a href=\"https:\/\/cdsonter.gumroad.com\/l\/BOMABESTResilience\">R\u00e9silience &amp; Site<\/a><\/li>\n\n\n\n<li><a href=\"https:\/\/cdsonter.gumroad.com\/l\/BOMABESTBundle\">Forfait complet \u2013 incluant les 6 cours<\/a><\/li>\n<\/ol>\n\n\n\n<p>Tous les cours comprennent une vid\u00e9o de formation et un quiz. Une fois le cours termin\u00e9, vous recevrez un certificat. Tous les cours sont conformes \u00e0 BOMA BEST\u00ae 4.1.<\/p>\n\n\n\n<h2 class=\"wp-block-heading\"><a href=\"https:\/\/cdsonter.gumroad.com\/l\/BOMABESTEnergy\">Cours \u00c9nergie &amp; Carbone<\/a><\/h2>\n\n\n\n<p>Dans cette session, nous couvrirons des sujets essentiels tels que l'\u00e9valuation des performances \u00e9nerg\u00e9tiques et des \u00e9missions de carbone, le benchmarking, ainsi que le suivi et la surveillance de la consommation d'\u00e9nergie et de carbone. Ce cours vous permettra de :<\/p>\n\n\n\n<ul class=\"wp-block-list\">\n<li>Planifier et int\u00e9grer efficacement la conservation de l\u2019\u00e9nergie et du carbone dans vos op\u00e9rations et activit\u00e9s de maintenance.<\/li>\n\n\n\n<li>Explorer des mesures de conservation de l\u2019\u00e9nergie et de r\u00e9duction des \u00e9missions de carbone pour optimiser la performance du b\u00e2timent.<\/li>\n\n\n\n<li>Comprendre comment effectuer le benchmarking, le suivi et la surveillance de la consommation d'\u00e9nergie et de carbone sur le site.<\/li>\n\n\n\n<li>D\u00e9couvrir comment les \u00e9l\u00e9ments cl\u00e9s du b\u00e2timent, tels que les syst\u00e8mes de contr\u00f4le, l'\u00e9clairage, la gestion de la demande, l'efficacit\u00e9 des syst\u00e8mes CVC, et l'enveloppe du b\u00e2timent contribuent \u00e0 la conservation de l\u2019\u00e9nergie et du carbone.<\/li>\n\n\n\n<li>Obtenir une introduction aux concepts de d\u00e9carbonisation et de b\u00e2timents z\u00e9ro \u00e9mission.<\/li>\n<\/ul>\n\n\n\n<h2 class=\"wp-block-heading\"><a href=\"https:\/\/cdsonter.gumroad.com\/l\/BOMABESTWater\">Cours Eau<\/a><\/h2>\n\n\n\n<p>Dans cette session, nous aborderons des sujets essentiels comme les \u00e9valuations de l'eau, le benchmarking, le suivi et la surveillance, ainsi que les risques li\u00e9s \u00e0 l'eau. Ce cours vous apprendra \u00e0 :<\/p>\n\n\n\n<ul class=\"wp-block-list\">\n<li>Effectuer une \u00e9valuation compl\u00e8te de l'eau pour comprendre la consommation d'eau sur site.<\/li>\n\n\n\n<li>D\u00e9couvrir des mesures efficaces de conservation de l'eau et comment les mettre en \u0153uvre.<\/li>\n\n\n\n<li>Comprendre l'importance du benchmarking, du suivi et de la surveillance de l'utilisation de l'eau.<\/li>\n\n\n\n<li>Identifier les risques potentiels li\u00e9s \u00e0 l'eau et apprendre \u00e0 se pr\u00e9parer et \u00e0 att\u00e9nuer les dommages caus\u00e9s par l'eau.<\/li>\n\n\n\n<li>Explorer l'importance des programmes de formation et des projets qui mettent en avant des pratiques innovantes en gestion et conservation de l'eau.<\/li>\n<\/ul>\n\n\n\n<h2 class=\"wp-block-heading\"><a href=\"https:\/\/cdsonter.gumroad.com\/l\/BOMABESTIAQHazards\">Cours QAI &amp; Risques<\/a><\/h2>\n\n\n\n<p>Le cours sur la qualit\u00e9 de l'air int\u00e9rieur (QAI) et les risques aide le personnel de gestion immobili\u00e8re \u00e0 comprendre et \u00e0 mettre en \u0153uvre les seuils et proc\u00e9dures pour maintenir une bonne qualit\u00e9 de l\u2019air int\u00e9rieur sur votre site. Ce cours couvre :<\/p>\n\n\n\n<ul class=\"wp-block-list\">\n<li>Les pratiques de maintenance impactant la qualit\u00e9 de l\u2019air int\u00e9rieur.<\/li>\n\n\n\n<li>Les normes et lignes directrices applicables \u00e0 la qualit\u00e9 de l\u2019air int\u00e9rieur.<\/li>\n\n\n\n<li>Les objectifs de performance sugg\u00e9r\u00e9s pour le b\u00e2timent.<\/li>\n\n\n\n<li>Les causes typiques des plaintes li\u00e9es \u00e0 la qualit\u00e9 de l\u2019air int\u00e9rieur et les solutions recommand\u00e9es.<\/li>\n\n\n\n<li>Le radon : effets sur la sant\u00e9, l\u00e9gislation, tests et att\u00e9nuation.<\/li>\n\n\n\n<li>Les risques li\u00e9s \u00e0 la r\u00e9frig\u00e9ration et \u00e0 la qualit\u00e9 de l\u2019air int\u00e9rieur.<\/li>\n\n\n\n<li>L'\u00e9valuation de la qualit\u00e9 de l'air int\u00e9rieur, la ventilation, l'extraction et la filtration.<\/li>\n\n\n\n<li>La qualit\u00e9 de l\u2019air int\u00e9rieur lors des travaux de r\u00e9novation et d\u2019entretien.<\/li>\n<\/ul>\n\n\n\n<h2 class=\"wp-block-heading\"><a href=\"https:\/\/cdsonter.gumroad.com\/l\/BOMABESTAccessibility\">Cours Accessibilit\u00e9 &amp; Bien-\u00eatre<\/a><\/h2>\n\n\n\n<p>Ce cours met l\u2019accent sur la mani\u00e8re dont l\u2019accessibilit\u00e9 et le bien-\u00eatre contribuent \u00e0 une exp\u00e9rience positive dans le b\u00e2timent. Les gestionnaires immobiliers apprendront des strat\u00e9gies pour am\u00e9liorer la qualit\u00e9 de l'air, tirer parti de l'\u00e9clairage naturel et utiliser les technologies d'assistance pour cr\u00e9er des environnements confortables et sains. Cette vid\u00e9o couvre des sujets essentiels pour la gestion moderne des propri\u00e9t\u00e9s, notamment :<\/p>\n\n\n\n<ul class=\"wp-block-list\">\n<li>Accessibilit\u00e9 : int\u00e9gration de normes comme la Certification d\u2019Accessibilit\u00e9 de la Fondation Rick Hansen<strong>\u2122<\/strong>.<\/li>\n\n\n\n<li>Diversit\u00e9, \u00e9quit\u00e9 et inclusion : strat\u00e9gies pour cr\u00e9er des espaces accueillants pour tous.<\/li>\n\n\n\n<li>Confort, vues et acoustique :\n<ul class=\"wp-block-list\">\n<li>Confort thermique<\/li>\n\n\n\n<li>Qualit\u00e9 de l\u2019air int\u00e9rieur<\/li>\n<\/ul>\n<\/li>\n\n\n\n<li>Exp\u00e9rience et bien-\u00eatre des occupants :\n<ul class=\"wp-block-list\">\n<li>Utilisation efficace des portails de demandes de service<\/li>\n\n\n\n<li>Outils de communication pour engager les occupants et r\u00e9pondre \u00e0 leurs besoins<\/li>\n<\/ul>\n<\/li>\n<\/ul>\n\n\n\n<h2 class=\"wp-block-heading\"><a href=\"https:\/\/cdsonter.gumroad.com\/l\/BOMABESTCustodialWaste\">Cours Entretien &amp; D\u00e9chets<\/a><\/h2>\n\n\n\n<p>En plus des meilleures pratiques de nettoyage, le cours Entretien et D\u00e9chets propose des instructions d\u00e9taill\u00e9es sur le programme de nettoyage \u00e9cologique et les meilleures pratiques pour les audits des d\u00e9chets. Les sujets principaux comprennent :<\/p>\n\n\n\n<ul class=\"wp-block-list\">\n<li>Les achats durables et les sources respectueuses de l\u2019environnement.<\/li>\n\n\n\n<li>L'entretien et les op\u00e9rations d'entretien, y compris :\n<ul class=\"wp-block-list\">\n<li>La gestion int\u00e9gr\u00e9e des nuisibles<\/li>\n\n\n\n<li>Protocoles de nettoyage am\u00e9lior\u00e9s de BOMA\u00ae.<\/li>\n<\/ul>\n<\/li>\n\n\n\n<li>\u00c9valuation de l'entretien m\u00e9nager avec un accent sur les normes de nettoyage \u00e9cologique BOMA BEST\u00ae pour les produits et \u00e9quipements.<\/li>\n\n\n\n<li>La gestion compl\u00e8te des d\u00e9chets, l'audit et la mesure de performance.<\/li>\n\n\n\n<li>Les meilleures pratiques pour la gestion des d\u00e9chets lors des r\u00e9novations et des constructions.<\/li>\n<\/ul>\n\n\n\n<h2 class=\"wp-block-heading\"><a href=\"https:\/\/cdsonter.gumroad.com\/l\/BOMABESTResilience\">Cours R\u00e9silience &amp; Site<\/a><\/h2>\n\n\n\n<p>Dans cette session, nous aborderons les sujets de la r\u00e9silience des sites, les risques climatiques, les strat\u00e9gies de gestion de site, et les technologies intelligentes. Ce cours couvrira :<\/p>\n\n\n\n<ul class=\"wp-block-list\">\n<li>Qu'est-ce que la r\u00e9silience ?<\/li>\n\n\n\n<li>Les moteurs du d\u00e9veloppement r\u00e9silient.<\/li>\n\n\n\n<li>Qu'est-ce que le \u00ab risque climatique \u00bb et comment y faire face ?<\/li>\n\n\n\n<li>Quels sont les risques naturels, technologiques et caus\u00e9s par l'homme qui peuvent affecter votre site ?<\/li>\n\n\n\n<li>Les principales strat\u00e9gies de gestion du site.<\/li>\n\n\n\n<li>Comment prot\u00e9ger vos syst\u00e8mes critiques.<\/li>\n\n\n\n<li>Les technologies intelligentes et comment les utiliser de mani\u00e8re responsable.<\/li>\n<\/ul>","protected":false},"excerpt":{"rendered":"<p>CD SONTER\u2019s on-demand training courses will provide you with access to information property management team members need to know about key sustainability topics, including: All courses include a training video and correlated quiz. Upon completion, you will receive a Course Certificate. All courses are BOMA BEST\u00ae 4.1-compliant. Energy &amp; Carbon Course In this session, we [&hellip;]<\/p>","protected":false},"author":1,"featured_media":0,"parent":121,"menu_order":0,"comment_status":"closed","ping_status":"closed","template":"","meta":{"_et_pb_use_builder":"off","_et_pb_old_content":"","_et_gb_content_width":"","footnotes":""},"class_list":["post-4218","page","type-page","status-publish","hentry"],"yoast_head":"<!-- This site is optimized with the Yoast SEO plugin v27.1.1 - https:\/\/yoast.com\/product\/yoast-seo-wordpress\/ -->\n<title>On-Demand Training Courses (BOMA BEST\u00ae 4.1-Compliant) - CD Sonter Ltd.<\/title>\n<meta name=\"robots\" content=\"index, follow, max-snippet:-1, max-image-preview:large, max-video-preview:-1\" \/>\n<link rel=\"canonical\" href=\"https:\/\/www.cdsonter.com\/fr\/solutions\/education-training\/on-demand-training-courses\/\" \/>\n<meta property=\"og:locale\" content=\"fr_CA\" \/>\n<meta property=\"og:type\" content=\"article\" \/>\n<meta property=\"og:title\" content=\"On-Demand Training Courses (BOMA BEST\u00ae 4.1-Compliant) - CD Sonter Ltd.\" \/>\n<meta property=\"og:description\" content=\"CD SONTER\u2019s on-demand training courses will provide you with access to information property management team members need to know about key sustainability topics, including: All courses include a training video and correlated quiz. Upon completion, you will receive a Course Certificate. All courses are BOMA BEST\u00ae 4.1-compliant. Energy &amp; Carbon Course In this session, we [&hellip;]\" \/>\n<meta property=\"og:url\" content=\"https:\/\/www.cdsonter.com\/fr\/solutions\/education-training\/on-demand-training-courses\/\" \/>\n<meta property=\"og:site_name\" content=\"CD Sonter Ltd.\" \/>\n<meta property=\"article:modified_time\" content=\"2024-12-03T13:49:11+00:00\" \/>\n<meta property=\"og:image\" content=\"https:\/\/www.cdsonter.com\/wp-content\/uploads\/2020\/08\/cdsonter_com_website.png\" \/>\n\t<meta property=\"og:image:width\" content=\"1562\" \/>\n\t<meta property=\"og:image:height\" content=\"760\" \/>\n\t<meta property=\"og:image:type\" content=\"image\/png\" \/>\n<meta name=\"twitter:card\" content=\"summary_large_image\" \/>\n<meta name=\"twitter:site\" content=\"@CDSONTER\" \/>\n<meta name=\"twitter:label1\" content=\"Estimation du temps de lecture\" \/>\n\t<meta name=\"twitter:data1\" content=\"3 minutes\" \/>\n<script type=\"application\/ld+json\" class=\"yoast-schema-graph\">{\"@context\":\"https:\/\/schema.org\",\"@graph\":[{\"@type\":\"WebPage\",\"@id\":\"https:\/\/www.cdsonter.com\/fr\/solutions\/education-training\/on-demand-training-courses\/\",\"url\":\"https:\/\/www.cdsonter.com\/fr\/solutions\/education-training\/on-demand-training-courses\/\",\"name\":\"On-Demand Training Courses (BOMA BEST\u00ae 4.1-Compliant) - CD Sonter Ltd.\",\"isPartOf\":{\"@id\":\"https:\/\/www.cdsonter.com\/#website\"},\"datePublished\":\"2024-11-11T16:21:48+00:00\",\"dateModified\":\"2024-12-03T13:49:11+00:00\",\"breadcrumb\":{\"@id\":\"https:\/\/www.cdsonter.com\/fr\/solutions\/education-training\/on-demand-training-courses\/#breadcrumb\"},\"inLanguage\":\"fr-CA\",\"potentialAction\":[{\"@type\":\"ReadAction\",\"target\":[\"https:\/\/www.cdsonter.com\/fr\/solutions\/education-training\/on-demand-training-courses\/\"]}]},{\"@type\":\"BreadcrumbList\",\"@id\":\"https:\/\/www.cdsonter.com\/fr\/solutions\/education-training\/on-demand-training-courses\/#breadcrumb\",\"itemListElement\":[{\"@type\":\"ListItem\",\"position\":1,\"name\":\"Home\",\"item\":\"https:\/\/www.cdsonter.com\/fr\/\"},{\"@type\":\"ListItem\",\"position\":2,\"name\":\"Solutions\",\"item\":\"https:\/\/www.cdsonter.com\/fr\/solutions\/\"},{\"@type\":\"ListItem\",\"position\":3,\"name\":\"Education &#038; Training\",\"item\":\"https:\/\/www.cdsonter.com\/fr\/solutions\/education-training\/\"},{\"@type\":\"ListItem\",\"position\":4,\"name\":\"On-Demand Training Courses (BOMA BEST\u00ae 4.1-Compliant)\"}]},{\"@type\":\"WebSite\",\"@id\":\"https:\/\/www.cdsonter.com\/#website\",\"url\":\"https:\/\/www.cdsonter.com\/\",\"name\":\"CD Sonter Ltd.\",\"description\":\"Environmental Consultants\",\"publisher\":{\"@id\":\"https:\/\/www.cdsonter.com\/#organization\"},\"potentialAction\":[{\"@type\":\"SearchAction\",\"target\":{\"@type\":\"EntryPoint\",\"urlTemplate\":\"https:\/\/www.cdsonter.com\/?s={search_term_string}\"},\"query-input\":{\"@type\":\"PropertyValueSpecification\",\"valueRequired\":true,\"valueName\":\"search_term_string\"}}],\"inLanguage\":\"fr-CA\"},{\"@type\":\"Organization\",\"@id\":\"https:\/\/www.cdsonter.com\/#organization\",\"name\":\"CD Sonter\",\"url\":\"https:\/\/www.cdsonter.com\/\",\"logo\":{\"@type\":\"ImageObject\",\"inLanguage\":\"fr-CA\",\"@id\":\"https:\/\/www.cdsonter.com\/#\/schema\/logo\/image\/\",\"url\":\"https:\/\/www.cdsonter.com\/wp-content\/uploads\/2020\/02\/cd-sonter-logo-rev.svg\",\"contentUrl\":\"https:\/\/www.cdsonter.com\/wp-content\/uploads\/2020\/02\/cd-sonter-logo-rev.svg\",\"width\":1,\"height\":1,\"caption\":\"CD Sonter\"},\"image\":{\"@id\":\"https:\/\/www.cdsonter.com\/#\/schema\/logo\/image\/\"},\"sameAs\":[\"https:\/\/x.com\/CDSONTER\",\"https:\/\/www.linkedin.com\/company\/cd-sonter-ltd\"]}]}<\/script>\n<!-- \/ Yoast SEO plugin. -->","yoast_head_json":{"title":"On-Demand Training Courses (BOMA BEST\u00ae 4.1-Compliant) - CD Sonter Ltd.","robots":{"index":"index","follow":"follow","max-snippet":"max-snippet:-1","max-image-preview":"max-image-preview:large","max-video-preview":"max-video-preview:-1"},"canonical":"https:\/\/www.cdsonter.com\/fr\/solutions\/education-training\/on-demand-training-courses\/","og_locale":"fr_CA","og_type":"article","og_title":"On-Demand Training Courses (BOMA BEST\u00ae 4.1-Compliant) - CD Sonter Ltd.","og_description":"CD SONTER\u2019s on-demand training courses will provide you with access to information property management team members need to know about key sustainability topics, including: All courses include a training video and correlated quiz. Upon completion, you will receive a Course Certificate. All courses are BOMA BEST\u00ae 4.1-compliant. Energy &amp; Carbon Course In this session, we [&hellip;]","og_url":"https:\/\/www.cdsonter.com\/fr\/solutions\/education-training\/on-demand-training-courses\/","og_site_name":"CD Sonter Ltd.","article_modified_time":"2024-12-03T13:49:11+00:00","og_image":[{"width":1562,"height":760,"url":"https:\/\/www.cdsonter.com\/wp-content\/uploads\/2020\/08\/cdsonter_com_website.png","type":"image\/png"}],"twitter_card":"summary_large_image","twitter_site":"@CDSONTER","twitter_misc":{"Estimation du temps de lecture":"3 minutes"},"schema":{"@context":"https:\/\/schema.org","@graph":[{"@type":"WebPage","@id":"https:\/\/www.cdsonter.com\/fr\/solutions\/education-training\/on-demand-training-courses\/","url":"https:\/\/www.cdsonter.com\/fr\/solutions\/education-training\/on-demand-training-courses\/","name":"On-Demand Training Courses (BOMA BEST\u00ae 4.1-Compliant) - CD Sonter Ltd.","isPartOf":{"@id":"https:\/\/www.cdsonter.com\/#website"},"datePublished":"2024-11-11T16:21:48+00:00","dateModified":"2024-12-03T13:49:11+00:00","breadcrumb":{"@id":"https:\/\/www.cdsonter.com\/fr\/solutions\/education-training\/on-demand-training-courses\/#breadcrumb"},"inLanguage":"fr-CA","potentialAction":[{"@type":"ReadAction","target":["https:\/\/www.cdsonter.com\/fr\/solutions\/education-training\/on-demand-training-courses\/"]}]},{"@type":"BreadcrumbList","@id":"https:\/\/www.cdsonter.com\/fr\/solutions\/education-training\/on-demand-training-courses\/#breadcrumb","itemListElement":[{"@type":"ListItem","position":1,"name":"Home","item":"https:\/\/www.cdsonter.com\/fr\/"},{"@type":"ListItem","position":2,"name":"Solutions","item":"https:\/\/www.cdsonter.com\/fr\/solutions\/"},{"@type":"ListItem","position":3,"name":"Education &#038; Training","item":"https:\/\/www.cdsonter.com\/fr\/solutions\/education-training\/"},{"@type":"ListItem","position":4,"name":"On-Demand Training Courses (BOMA BEST\u00ae 4.1-Compliant)"}]},{"@type":"WebSite","@id":"https:\/\/www.cdsonter.com\/#website","url":"https:\/\/www.cdsonter.com\/","name":"CD Sonter Ltd.","description":"Environmental Consultants","publisher":{"@id":"https:\/\/www.cdsonter.com\/#organization"},"potentialAction":[{"@type":"SearchAction","target":{"@type":"EntryPoint","urlTemplate":"https:\/\/www.cdsonter.com\/?s={search_term_string}"},"query-input":{"@type":"PropertyValueSpecification","valueRequired":true,"valueName":"search_term_string"}}],"inLanguage":"fr-CA"},{"@type":"Organization","@id":"https:\/\/www.cdsonter.com\/#organization","name":"CD Sonter","url":"https:\/\/www.cdsonter.com\/","logo":{"@type":"ImageObject","inLanguage":"fr-CA","@id":"https:\/\/www.cdsonter.com\/#\/schema\/logo\/image\/","url":"https:\/\/www.cdsonter.com\/wp-content\/uploads\/2020\/02\/cd-sonter-logo-rev.svg","contentUrl":"https:\/\/www.cdsonter.com\/wp-content\/uploads\/2020\/02\/cd-sonter-logo-rev.svg","width":1,"height":1,"caption":"CD Sonter"},"image":{"@id":"https:\/\/www.cdsonter.com\/#\/schema\/logo\/image\/"},"sameAs":["https:\/\/x.com\/CDSONTER","https:\/\/www.linkedin.com\/company\/cd-sonter-ltd"]}]}},"_links":{"self":[{"href":"https:\/\/www.cdsonter.com\/fr\/wp-json\/wp\/v2\/pages\/4218","targetHints":{"allow":["GET"]}}],"collection":[{"href":"https:\/\/www.cdsonter.com\/fr\/wp-json\/wp\/v2\/pages"}],"about":[{"href":"https:\/\/www.cdsonter.com\/fr\/wp-json\/wp\/v2\/types\/page"}],"author":[{"embeddable":true,"href":"https:\/\/www.cdsonter.com\/fr\/wp-json\/wp\/v2\/users\/1"}],"replies":[{"embeddable":true,"href":"https:\/\/www.cdsonter.com\/fr\/wp-json\/wp\/v2\/comments?post=4218"}],"version-history":[{"count":6,"href":"https:\/\/www.cdsonter.com\/fr\/wp-json\/wp\/v2\/pages\/4218\/revisions"}],"predecessor-version":[{"id":4245,"href":"https:\/\/www.cdsonter.com\/fr\/wp-json\/wp\/v2\/pages\/4218\/revisions\/4245"}],"up":[{"embeddable":true,"href":"https:\/\/www.cdsonter.com\/fr\/wp-json\/wp\/v2\/pages\/121"}],"wp:attachment":[{"href":"https:\/\/www.cdsonter.com\/fr\/wp-json\/wp\/v2\/media?parent=4218"}],"curies":[{"name":"wp","href":"https:\/\/api.w.org\/{rel}","templated":true}]}}